{"id":324,"date":"2025-06-03T11:04:18","date_gmt":"2025-06-03T09:04:18","guid":{"rendered":"https:\/\/aesaromatherapie.fr\/?page_id=324"},"modified":"2025-06-03T13:03:50","modified_gmt":"2025-06-03T11:03:50","slug":"opportunite","status":"publish","type":"page","link":"https:\/\/aesaromatherapie.fr\/?page_id=324","title":{"rendered":"Opportunit\u00e9"},"content":{"rendered":"\t\t<div data-elementor-type=\"wp-page\" data-elementor-id=\"324\" class=\"elementor elementor-324\">\n\t\t\t\t<div class=\"elementor-element elementor-element-779d37ed e-flex e-con-boxed e-con e-parent\" data-id=\"779d37ed\" data-element_type=\"container\">\n\t\t\t\t\t<div class=\"e-con-inner\">\n\t\t\t\t<div class=\"elementor-element elementor-element-64c07030 elementor-widget elementor-widget-image\" data-id=\"64c07030\" data-element_type=\"widget\" data-widget_type=\"image.default\">\n\t\t\t\t<div class=\"elementor-widget-container\">\n\t\t\t\t\t\t\t\t\t\t\t\t\t\t\t<img fetchpriority=\"high\" decoding=\"async\" width=\"2000\" height=\"800\" src=\"https:\/\/aesaromatherapie.fr\/wp-content\/uploads\/2025\/06\/Opportunite.png\" class=\"attachment-full size-full wp-image-381\" alt=\"\" srcset=\"https:\/\/aesaromatherapie.fr\/wp-content\/uploads\/2025\/06\/Opportunite.png 2000w, https:\/\/aesaromatherapie.fr\/wp-content\/uploads\/2025\/06\/Opportunite-300x120.png 300w, https:\/\/aesaromatherapie.fr\/wp-content\/uploads\/2025\/06\/Opportunite-1024x410.png 1024w, https:\/\/aesaromatherapie.fr\/wp-content\/uploads\/2025\/06\/Opportunite-768x307.png 768w, https:\/\/aesaromatherapie.fr\/wp-content\/uploads\/2025\/06\/Opportunite-1536x614.png 1536w\" sizes=\"(max-width: 2000px) 100vw, 2000px\" \/>\t\t\t\t\t\t\t\t\t\t\t\t\t\t\t<\/div>\n\t\t\t\t<\/div>\n\t\t\t\t\t<\/div>\n\t\t\t\t<\/div>\n\t\t<div class=\"elementor-element elementor-element-2627b4e4 e-flex e-con-boxed e-con e-parent\" data-id=\"2627b4e4\" data-element_type=\"container\">\n\t\t\t\t\t<div class=\"e-con-inner\">\n\t\t<div class=\"elementor-element elementor-element-1fc0f736 e-con-full e-flex e-con e-child\" data-id=\"1fc0f736\" data-element_type=\"container\">\n\t\t\t\t<div class=\"elementor-element elementor-element-1e76ea1a elementor-widget elementor-widget-text-editor\" data-id=\"1e76ea1a\" data-element_type=\"widget\" data-widget_type=\"text-editor.default\">\n\t\t\t\t<div class=\"elementor-widget-container\">\n\t\t\t\t\t\t\t\t\t<p><strong data-start=\"262\" data-end=\"278\">Young Living<\/strong>, c\u2019est bien plus que des huiles essentielles 100% pures \u2014 c\u2019est une communaut\u00e9 passionn\u00e9e par le bien-\u00eatre naturel. En rejoignant mon \u00e9quipe, tu b\u00e9n\u00e9ficies d\u2019un accompagnement personnalis\u00e9, de formations, et d\u2019une opportunit\u00e9 unique de cr\u00e9er un revenu en partageant ta passion.<\/p>\t\t\t\t\t\t\t\t<\/div>\n\t\t\t\t<\/div>\n\t\t\t\t<\/div>\n\t\t\t\t\t<\/div>\n\t\t\t\t<\/div>\n\t\t<div class=\"elementor-element elementor-element-26cc7056 e-flex e-con-boxed e-con e-parent\" data-id=\"26cc7056\" data-element_type=\"container\">\n\t\t\t\t\t<div class=\"e-con-inner\">\n\t\t\t\t<div class=\"elementor-element elementor-element-2f81c52c elementor-widget-divider--view-line elementor-widget elementor-widget-divider\" data-id=\"2f81c52c\" data-element_type=\"widget\" data-widget_type=\"divider.default\">\n\t\t\t\t<div class=\"elementor-widget-container\">\n\t\t\t\t\t\t\t<div class=\"elementor-divider\">\n\t\t\t<span class=\"elementor-divider-separator\">\n\t\t\t\t\t\t<\/span>\n\t\t<\/div>\n\t\t\t\t\t\t<\/div>\n\t\t\t\t<\/div>\n\t\t\t\t\t<\/div>\n\t\t\t\t<\/div>\n\t\t<div class=\"elementor-element elementor-element-17a392d5 e-flex e-con-boxed e-con e-parent\" data-id=\"17a392d5\" data-element_type=\"container\">\n\t\t\t\t\t<div class=\"e-con-inner\">\n\t\t<div class=\"elementor-element elementor-element-261cec32 e-con-full e-flex e-con e-child\" data-id=\"261cec32\" data-element_type=\"container\">\n\t\t\t\t<div class=\"elementor-element elementor-element-35de13f0 elementor-widget elementor-widget-heading\" data-id=\"35de13f0\" data-element_type=\"widget\" data-widget_type=\"heading.default\">\n\t\t\t\t<div class=\"elementor-widget-container\">\n\t\t\t\t\t<h2 class=\"elementor-heading-title elementor-size-default\">Rejoins mon \u00e9quipe Young Living et transforme ta vie !<\/h2>\t\t\t\t<\/div>\n\t\t\t\t<\/div>\n\t\t\t\t<\/div>\n\t\t\t\t\t<\/div>\n\t\t\t\t<\/div>\n\t\t<div class=\"elementor-element elementor-element-952042e e-flex e-con-boxed e-con e-parent\" data-id=\"952042e\" data-element_type=\"container\">\n\t\t\t\t\t<div class=\"e-con-inner\">\n\t\t\t\t<div class=\"elementor-element elementor-element-5d0e158 elementor-widget-divider--view-line elementor-widget elementor-widget-divider\" data-id=\"5d0e158\" data-element_type=\"widget\" data-widget_type=\"divider.default\">\n\t\t\t\t<div class=\"elementor-widget-container\">\n\t\t\t\t\t\t\t<div class=\"elementor-divider\">\n\t\t\t<span class=\"elementor-divider-separator\">\n\t\t\t\t\t\t<\/span>\n\t\t<\/div>\n\t\t\t\t\t\t<\/div>\n\t\t\t\t<\/div>\n\t\t\t\t\t<\/div>\n\t\t\t\t<\/div>\n\t\t<div class=\"elementor-element elementor-element-7c598ebc e-flex e-con-boxed e-con e-parent\" data-id=\"7c598ebc\" data-element_type=\"container\">\n\t\t\t\t\t<div class=\"e-con-inner\">\n\t\t<div class=\"elementor-element elementor-element-7807e96b e-con-full e-flex e-con e-child\" data-id=\"7807e96b\" data-element_type=\"container\">\n\t\t\t\t<div class=\"elementor-element elementor-element-3c297c07 elementor-widget elementor-widget-heading\" data-id=\"3c297c07\" data-element_type=\"widget\" data-widget_type=\"heading.default\">\n\t\t\t\t<div class=\"elementor-widget-container\">\n\t\t\t\t\t<h2 class=\"elementor-heading-title elementor-size-default\">Pourquoi rejoindre mon \u00e9quipe ?<\/h2>\t\t\t\t<\/div>\n\t\t\t\t<\/div>\n\t\t\t\t<\/div>\n\t\t\t\t\t<\/div>\n\t\t\t\t<\/div>\n\t\t<div class=\"elementor-element elementor-element-7a2ffa3d e-flex e-con-boxed e-con e-parent\" data-id=\"7a2ffa3d\" data-element_type=\"container\">\n\t\t\t\t\t<div class=\"e-con-inner\">\n\t\t<div class=\"elementor-element elementor-element-29bd0b00 e-con-full e-flex e-con e-child\" data-id=\"29bd0b00\" data-element_type=\"container\">\n\t\t\t\t<div class=\"elementor-element elementor-element-7ac88b71 elementor-widget elementor-widget-text-editor\" data-id=\"7ac88b71\" data-element_type=\"widget\" data-widget_type=\"text-editor.default\">\n\t\t\t\t<div class=\"elementor-widget-container\">\n\t\t\t\t\t\t\t\t\t<ul data-start=\"600\" data-end=\"814\"><li data-start=\"600\" data-end=\"649\"><p data-start=\"602\" data-end=\"649\">Produits de qualit\u00e9 premium, test\u00e9s et garantis<\/p><\/li><li data-start=\"650\" data-end=\"702\"><p data-start=\"652\" data-end=\"702\">Formation compl\u00e8te et continue, m\u00eame si tu d\u00e9butes. Formation sur les bases de l&rsquo;aromath\u00e9rapie OFFERTE<\/p><\/li><li data-start=\"703\" data-end=\"761\"><p data-start=\"705\" data-end=\"761\">Soutien personnalis\u00e9 et acc\u00e8s \u00e0 une communaut\u00e9 motivante<\/p><\/li><li data-start=\"762\" data-end=\"814\"><p data-start=\"764\" data-end=\"814\">Potentiel de revenus \u00e9volutif selon ton engagement<\/p><\/li><\/ul>\t\t\t\t\t\t\t\t<\/div>\n\t\t\t\t<\/div>\n\t\t\t\t<\/div>\n\t\t\t\t\t<\/div>\n\t\t\t\t<\/div>\n\t\t<div class=\"elementor-element elementor-element-74b32c4c e-flex e-con-boxed e-con e-parent\" data-id=\"74b32c4c\" data-element_type=\"container\">\n\t\t\t\t\t<div class=\"e-con-inner\">\n\t\t\t\t<div class=\"elementor-element elementor-element-5eb5476d elementor-widget-divider--view-line elementor-widget elementor-widget-divider\" data-id=\"5eb5476d\" data-element_type=\"widget\" data-widget_type=\"divider.default\">\n\t\t\t\t<div class=\"elementor-widget-container\">\n\t\t\t\t\t\t\t<div class=\"elementor-divider\">\n\t\t\t<span class=\"elementor-divider-separator\">\n\t\t\t\t\t\t<\/span>\n\t\t<\/div>\n\t\t\t\t\t\t<\/div>\n\t\t\t\t<\/div>\n\t\t\t\t\t<\/div>\n\t\t\t\t<\/div>\n\t\t<div class=\"elementor-element elementor-element-47dcee97 e-flex e-con-boxed e-con e-parent\" data-id=\"47dcee97\" data-element_type=\"container\">\n\t\t\t\t\t<div class=\"e-con-inner\">\n\t\t<div class=\"elementor-element elementor-element-3610a6af e-con-full e-flex e-con e-child\" data-id=\"3610a6af\" data-element_type=\"container\">\n\t\t\t\t<div class=\"elementor-element elementor-element-4ba28b7d elementor-widget elementor-widget-heading\" data-id=\"4ba28b7d\" data-element_type=\"widget\" data-widget_type=\"heading.default\">\n\t\t\t\t<div class=\"elementor-widget-container\">\n\t\t\t\t\t<h2 class=\"elementor-heading-title elementor-size-default\">Formation en Aromath\u00e9rapie<\/h2>\t\t\t\t<\/div>\n\t\t\t\t<\/div>\n\t\t\t\t<\/div>\n\t\t\t\t\t<\/div>\n\t\t\t\t<\/div>\n\t\t<div class=\"elementor-element elementor-element-7d228268 e-flex e-con-boxed e-con e-parent\" data-id=\"7d228268\" data-element_type=\"container\">\n\t\t\t\t\t<div class=\"e-con-inner\">\n\t\t<div class=\"elementor-element elementor-element-4987f677 e-con-full e-flex e-con e-child\" data-id=\"4987f677\" data-element_type=\"container\">\n\t\t\t\t<div class=\"elementor-element elementor-element-5b816b4b elementor-widget elementor-widget-text-editor\" data-id=\"5b816b4b\" data-element_type=\"widget\" data-widget_type=\"text-editor.default\">\n\t\t\t\t<div class=\"elementor-widget-container\">\n\t\t\t\t\t\t\t\t\t<p data-start=\"170\" data-end=\"243\">\ud83c\udf81 <strong data-start=\"173\" data-end=\"243\">Un cadeau exclusif pour chaque nouvelle personne dans mon \u00e9quipe !<\/strong><\/p><p data-start=\"245\" data-end=\"570\">En rejoignant mon \u00e9quipe Young Living, tu recevras <strong data-start=\"296\" data-end=\"352\">gratuitement une <a href=\"https:\/\/aesaromatherapie.fr\/?page_id=28\">formation compl\u00e8te en aromath\u00e9rapie<\/a><\/strong>, 100% en ligne. Cette formation t\u2019enseigne les bases indispensables de l\u2019aromath\u00e9rapie naturelle : comprendre les huiles, savoir les utiliser en toute s\u00e9curit\u00e9, et en parler avec justesse.<\/p><p data-start=\"572\" data-end=\"919\">\ud83d\udca1 <strong data-start=\"575\" data-end=\"754\">C\u2019est une \u00e9tape essentielle pour toute personne souhaitant recommander les huiles Young Living avec s\u00e9rieux et devenir un v\u00e9ritable conseiller ou conseill\u00e8re en aromath\u00e9rapie.<\/strong> Que tu sois d\u00e9butant(e) ou que tu aies d\u00e9j\u00e0 des connaissances, cette formation te permet d\u2019acqu\u00e9rir une base solide, professionnelle, et de d\u00e9velopper ta confiance.<\/p>\t\t\t\t\t\t\t\t<\/div>\n\t\t\t\t<\/div>\n\t\t\t\t<\/div>\n\t\t\t\t\t<\/div>\n\t\t\t\t<\/div>\n\t\t<div class=\"elementor-element elementor-element-39b4ad91 e-flex e-con-boxed e-con e-parent\" data-id=\"39b4ad91\" data-element_type=\"container\">\n\t\t\t\t\t<div class=\"e-con-inner\">\n\t\t\t\t<div class=\"elementor-element elementor-element-f581f0 elementor-widget-divider--view-line elementor-widget elementor-widget-divider\" data-id=\"f581f0\" data-element_type=\"widget\" data-widget_type=\"divider.default\">\n\t\t\t\t<div class=\"elementor-widget-container\">\n\t\t\t\t\t\t\t<div class=\"elementor-divider\">\n\t\t\t<span class=\"elementor-divider-separator\">\n\t\t\t\t\t\t<\/span>\n\t\t<\/div>\n\t\t\t\t\t\t<\/div>\n\t\t\t\t<\/div>\n\t\t\t\t\t<\/div>\n\t\t\t\t<\/div>\n\t\t<div class=\"elementor-element elementor-element-41feab19 e-flex e-con-boxed e-con e-parent\" data-id=\"41feab19\" data-element_type=\"container\">\n\t\t\t\t\t<div class=\"e-con-inner\">\n\t\t<div class=\"elementor-element elementor-element-50a8ca55 e-con-full e-flex e-con e-child\" data-id=\"50a8ca55\" data-element_type=\"container\">\n\t\t\t\t<div class=\"elementor-element elementor-element-4d396ccf elementor-widget elementor-widget-heading\" data-id=\"4d396ccf\" data-element_type=\"widget\" data-widget_type=\"heading.default\">\n\t\t\t\t<div class=\"elementor-widget-container\">\n\t\t\t\t\t<h2 class=\"elementor-heading-title elementor-size-default\">Qui peut rejoindre mon \u00e9quipe ?<\/h2>\t\t\t\t<\/div>\n\t\t\t\t<\/div>\n\t\t\t\t<\/div>\n\t\t\t\t\t<\/div>\n\t\t\t\t<\/div>\n\t\t<div class=\"elementor-element elementor-element-7ccab76f e-flex e-con-boxed e-con e-parent\" data-id=\"7ccab76f\" data-element_type=\"container\">\n\t\t\t\t\t<div class=\"e-con-inner\">\n\t\t<div class=\"elementor-element elementor-element-7b5cde0f e-con-full e-flex e-con e-child\" data-id=\"7b5cde0f\" data-element_type=\"container\">\n\t\t\t\t<div class=\"elementor-element elementor-element-22e54dc4 elementor-widget elementor-widget-text-editor\" data-id=\"22e54dc4\" data-element_type=\"widget\" data-widget_type=\"text-editor.default\">\n\t\t\t\t<div class=\"elementor-widget-container\">\n\t\t\t\t\t\t\t\t\t<p>Que tu sois passionn\u00e9(e) d\u2019aromath\u00e9rapie, \u00e0 la recherche d\u2019un compl\u00e9ment de revenu, ou en qu\u00eate d\u2019une nouvelle carri\u00e8re, tu es le\/la bienvenu(e). Pas besoin d\u2019exp\u00e9rience, je t\u2019accompagne \u00e0 chaque \u00e9tape.<\/p>\t\t\t\t\t\t\t\t<\/div>\n\t\t\t\t<\/div>\n\t\t\t\t<\/div>\n\t\t\t\t\t<\/div>\n\t\t\t\t<\/div>\n\t\t<div class=\"elementor-element elementor-element-2f12da68 e-flex e-con-boxed e-con e-parent\" data-id=\"2f12da68\" data-element_type=\"container\">\n\t\t\t\t\t<div class=\"e-con-inner\">\n\t\t\t\t<div class=\"elementor-element elementor-element-28db680c elementor-widget-divider--view-line elementor-widget elementor-widget-divider\" data-id=\"28db680c\" data-element_type=\"widget\" data-widget_type=\"divider.default\">\n\t\t\t\t<div class=\"elementor-widget-container\">\n\t\t\t\t\t\t\t<div class=\"elementor-divider\">\n\t\t\t<span class=\"elementor-divider-separator\">\n\t\t\t\t\t\t<\/span>\n\t\t<\/div>\n\t\t\t\t\t\t<\/div>\n\t\t\t\t<\/div>\n\t\t\t\t\t<\/div>\n\t\t\t\t<\/div>\n\t\t<div class=\"elementor-element elementor-element-efa7e98 e-flex e-con-boxed e-con e-parent\" data-id=\"efa7e98\" data-element_type=\"container\">\n\t\t\t\t\t<div class=\"e-con-inner\">\n\t\t<div class=\"elementor-element elementor-element-92d9111 e-con-full e-flex e-con e-child\" data-id=\"92d9111\" data-element_type=\"container\">\n\t\t\t\t<div class=\"elementor-element elementor-element-b88a438 elementor-widget elementor-widget-heading\" data-id=\"b88a438\" data-element_type=\"widget\" data-widget_type=\"heading.default\">\n\t\t\t\t<div class=\"elementor-widget-container\">\n\t\t\t\t\t<h2 class=\"elementor-heading-title elementor-size-default\">Ce que tu gagnes en rejoignant mon \u00e9quipe <\/h2>\t\t\t\t<\/div>\n\t\t\t\t<\/div>\n\t\t\t\t<\/div>\n\t\t\t\t\t<\/div>\n\t\t\t\t<\/div>\n\t\t<div class=\"elementor-element elementor-element-c6b2283 e-flex e-con-boxed e-con e-parent\" data-id=\"c6b2283\" data-element_type=\"container\">\n\t\t\t\t\t<div class=\"e-con-inner\">\n\t\t<div class=\"elementor-element elementor-element-180cbbb e-con-full e-flex e-con e-child\" data-id=\"180cbbb\" data-element_type=\"container\">\n\t\t\t\t<div class=\"elementor-element elementor-element-bed272c elementor-widget elementor-widget-text-editor\" data-id=\"bed272c\" data-element_type=\"widget\" data-widget_type=\"text-editor.default\">\n\t\t\t\t<div class=\"elementor-widget-container\">\n\t\t\t\t\t\t\t\t\t<ul><li data-start=\"1151\" data-end=\"1199\"><p data-start=\"1153\" data-end=\"1199\">Des conseils exclusifs et des outils marketing<\/p><\/li><li data-start=\"1200\" data-end=\"1256\"><p data-start=\"1202\" data-end=\"1256\">Une formation continue pour d\u00e9velopper tes comp\u00e9tences<\/p><\/li><li data-start=\"1257\" data-end=\"1322\"><p data-start=\"1259\" data-end=\"1322\">La possibilit\u00e9 de g\u00e9n\u00e9rer des revenus en partageant une passion\u00a0<\/p><\/li><li data-start=\"1323\" data-end=\"1379\"><p data-start=\"1325\" data-end=\"1379\">L\u2019acc\u00e8s \u00e0 un groupe Facebook priv\u00e9<\/p><\/li><li data-start=\"1323\" data-end=\"1379\"><p data-start=\"1325\" data-end=\"1379\">Des cadeaux exclusifs d\u00e8s 3 mois d&rsquo;activit\u00e9 !\u00a0<\/p><\/li><\/ul>\t\t\t\t\t\t\t\t<\/div>\n\t\t\t\t<\/div>\n\t\t\t\t<\/div>\n\t\t\t\t\t<\/div>\n\t\t\t\t<\/div>\n\t\t<div class=\"elementor-element elementor-element-f451d2d e-flex e-con-boxed e-con e-parent\" data-id=\"f451d2d\" data-element_type=\"container\">\n\t\t\t\t\t<div class=\"e-con-inner\">\n\t\t\t\t<div class=\"elementor-element elementor-element-4409bdb elementor-widget-divider--view-line elementor-widget elementor-widget-divider\" data-id=\"4409bdb\" data-element_type=\"widget\" data-widget_type=\"divider.default\">\n\t\t\t\t<div class=\"elementor-widget-container\">\n\t\t\t\t\t\t\t<div class=\"elementor-divider\">\n\t\t\t<span class=\"elementor-divider-separator\">\n\t\t\t\t\t\t<\/span>\n\t\t<\/div>\n\t\t\t\t\t\t<\/div>\n\t\t\t\t<\/div>\n\t\t\t\t\t<\/div>\n\t\t\t\t<\/div>\n\t\t<div class=\"elementor-element elementor-element-53e01d2 e-flex e-con-boxed e-con e-parent\" data-id=\"53e01d2\" data-element_type=\"container\">\n\t\t\t\t\t<div class=\"e-con-inner\">\n\t\t<div class=\"elementor-element elementor-element-877ce4a e-con-full e-flex e-con e-child\" data-id=\"877ce4a\" data-element_type=\"container\">\n\t\t\t\t<div class=\"elementor-element elementor-element-2da167f elementor-widget elementor-widget-heading\" data-id=\"2da167f\" data-element_type=\"widget\" data-widget_type=\"heading.default\">\n\t\t\t\t<div class=\"elementor-widget-container\">\n\t\t\t\t\t<h2 class=\"elementor-heading-title elementor-size-default\">Comment rejoindre mon \u00e9quipe ?<\/h2>\t\t\t\t<\/div>\n\t\t\t\t<\/div>\n\t\t\t\t<\/div>\n\t\t\t\t\t<\/div>\n\t\t\t\t<\/div>\n\t\t<div class=\"elementor-element elementor-element-8ff3298 e-flex e-con-boxed e-con e-parent\" data-id=\"8ff3298\" data-element_type=\"container\">\n\t\t\t\t\t<div class=\"e-con-inner\">\n\t\t<div class=\"elementor-element elementor-element-ae374ab e-con-full e-flex e-con e-child\" data-id=\"ae374ab\" data-element_type=\"container\">\n\t\t\t\t<div class=\"elementor-element elementor-element-dc0285f elementor-widget elementor-widget-text-editor\" data-id=\"dc0285f\" data-element_type=\"widget\" data-widget_type=\"text-editor.default\">\n\t\t\t\t<div class=\"elementor-widget-container\">\n\t\t\t\t\t\t\t\t\t<ul>\n<li data-start=\"1420\" data-end=\"1487\"><strong data-start=\"1420\" data-end=\"1436\">Contacte-moi<\/strong>&nbsp;via Whatsapp ou par mail : contact@aesaromatherapie.fr<\/li>\n<li data-start=\"1420\" data-end=\"1487\"><b>Procures toi tes premi\u00e8res huiles essentielles <\/b>(mininum 60 euros) je peux t&rsquo;accompagner dans ton choix<\/li>\n<li data-start=\"1420\" data-end=\"1487\"><strong data-start=\"1549\" data-end=\"1572\">Commence \u00e0 partager<\/strong> les huiles essentielles autour de toi.<\/li>\n<li data-start=\"1420\" data-end=\"1487\"><strong data-start=\"1615\" data-end=\"1643\">B\u00e9n\u00e9ficie de mon soutien<\/strong> \u00e0 chaque \u00e9tape.<\/li>\n<\/ul>\t\t\t\t\t\t\t\t<\/div>\n\t\t\t\t<\/div>\n\t\t\t\t<\/div>\n\t\t\t\t\t<\/div>\n\t\t\t\t<\/div>\n\t\t<div class=\"elementor-element elementor-element-a96c90f e-flex e-con-boxed e-con e-parent\" data-id=\"a96c90f\" data-element_type=\"container\">\n\t\t\t\t\t<div class=\"e-con-inner\">\n\t\t\t\t<div class=\"elementor-element elementor-element-7d2341d elementor-widget-divider--view-line elementor-widget elementor-widget-divider\" data-id=\"7d2341d\" data-element_type=\"widget\" data-widget_type=\"divider.default\">\n\t\t\t\t<div class=\"elementor-widget-container\">\n\t\t\t\t\t\t\t<div class=\"elementor-divider\">\n\t\t\t<span class=\"elementor-divider-separator\">\n\t\t\t\t\t\t<\/span>\n\t\t<\/div>\n\t\t\t\t\t\t<\/div>\n\t\t\t\t<\/div>\n\t\t\t\t\t<\/div>\n\t\t\t\t<\/div>\n\t\t<div class=\"elementor-element elementor-element-203e515e e-flex e-con-boxed e-con e-parent\" data-id=\"203e515e\" data-element_type=\"container\" data-settings=\"{&quot;background_background&quot;:&quot;gradient&quot;}\">\n\t\t\t\t\t<div class=\"e-con-inner\">\n\t\t<div class=\"elementor-element elementor-element-50e54435 e-con-full e-flex e-con e-child\" data-id=\"50e54435\" data-element_type=\"container\">\n\t\t<div class=\"elementor-element elementor-element-4e66a7e9 e-con-full e-flex e-con e-child\" data-id=\"4e66a7e9\" data-element_type=\"container\">\n\t\t\t\t<div class=\"elementor-element elementor-element-5af8f153 elementor-widget elementor-widget-text-editor\" data-id=\"5af8f153\" data-element_type=\"widget\" data-widget_type=\"text-editor.default\">\n\t\t\t\t<div class=\"elementor-widget-container\">\n\t\t\t\t\t\t\t\t\t<p><img decoding=\"async\" class=\"alignnone size-medium wp-image-27\" src=\"https:\/\/aesaromatherapie.fr\/wp-content\/uploads\/2024\/11\/SeedtoSeal_Logo_Black_2021-274x300.png\" alt=\"\" width=\"274\" height=\"300\" srcset=\"https:\/\/aesaromatherapie.fr\/wp-content\/uploads\/2024\/11\/SeedtoSeal_Logo_Black_2021-274x300.png 274w, https:\/\/aesaromatherapie.fr\/wp-content\/uploads\/2024\/11\/SeedtoSeal_Logo_Black_2021-937x1024.png 937w, https:\/\/aesaromatherapie.fr\/wp-content\/uploads\/2024\/11\/SeedtoSeal_Logo_Black_2021-768x840.png 768w, https:\/\/aesaromatherapie.fr\/wp-content\/uploads\/2024\/11\/SeedtoSeal_Logo_Black_2021-1405x1536.png 1405w, https:\/\/aesaromatherapie.fr\/wp-content\/uploads\/2024\/11\/SeedtoSeal_Logo_Black_2021.png 1618w\" sizes=\"(max-width: 274px) 100vw, 274px\" \/><\/p>\t\t\t\t\t\t\t\t<\/div>\n\t\t\t\t<\/div>\n\t\t\t\t<\/div>\n\t\t\t\t<\/div>\n\t\t<div class=\"elementor-element elementor-element-5590d0ac e-con-full e-flex e-con e-child\" data-id=\"5590d0ac\" data-element_type=\"container\">\n\t\t<div class=\"elementor-element elementor-element-2c872a5e e-con-full e-flex e-con e-child\" data-id=\"2c872a5e\" data-element_type=\"container\">\n\t\t\t\t<div class=\"elementor-element elementor-element-414fe448 elementor-widget elementor-widget-text-editor\" data-id=\"414fe448\" data-element_type=\"widget\" data-widget_type=\"text-editor.default\">\n\t\t\t\t<div class=\"elementor-widget-container\">\n\t\t\t\t\t\t\t\t\t<h4>\u00a0<\/h4><h4>Les odeurs comme les sons musicaux, sont de rares sublimateurs de l&rsquo;essence de la m\u00e9moire<\/h4><h6>\u00a0<\/h6><h4><em>Georges du Maurier<\/em><\/h4>\t\t\t\t\t\t\t\t<\/div>\n\t\t\t\t<\/div>\n\t\t\t\t<\/div>\n\t\t\t\t<\/div>\n\t\t<div class=\"elementor-element elementor-element-2297bdc3 e-con-full e-flex e-con e-child\" data-id=\"2297bdc3\" data-element_type=\"container\">\n\t\t<div class=\"elementor-element elementor-element-7911f8a4 e-con-full e-flex e-con e-child\" data-id=\"7911f8a4\" data-element_type=\"container\">\n\t\t\t\t<div class=\"elementor-element elementor-element-42338b63 elementor-widget elementor-widget-text-editor\" data-id=\"42338b63\" data-element_type=\"widget\" data-widget_type=\"text-editor.default\">\n\t\t\t\t<div class=\"elementor-widget-container\">\n\t\t\t\t\t\t\t\t\t<p><span style=\"text-decoration: underline;\"><strong>Pour me contacter<\/strong><\/span> :\u00a0<\/p><p><span style=\"text-decoration: underline;\">Whatsapp<\/span> : +33 6 49 37 70 83<\/p><p><span style=\"text-decoration: underline;\">Mail<\/span> : contact@aesaromatherapie.fr<\/p>\t\t\t\t\t\t\t\t<\/div>\n\t\t\t\t<\/div>\n\t\t\t\t<\/div>\n\t\t\t\t<\/div>\n\t\t\t\t\t<\/div>\n\t\t\t\t<\/div>\n\t\t\t\t<\/div>\n\t\t","protected":false},"excerpt":{"rendered":"<p>Young Living, c\u2019est bien plus que des huiles essentielles 100% pures \u2014 c\u2019est une communaut\u00e9 passionn\u00e9e par le bien-\u00eatre naturel. [&hellip;]<\/p>\n","protected":false},"author":1,"featured_media":0,"parent":0,"menu_order":0,"comment_status":"closed","ping_status":"closed","template":"","meta":{"site-sidebar-layout":"no-sidebar","site-content-layout":"","ast-site-content-layout":"full-width-container","site-content-style":"default","site-sidebar-style":"default","ast-global-header-display":"","ast-banner-title-visibility":"","ast-main-header-display":"","ast-hfb-above-header-display":"","ast-hfb-below-header-display":"","ast-hfb-mobile-header-display":"","site-post-title":"disabled","ast-breadcrumbs-content":"","ast-featured-img":"disabled","footer-sml-layout":"","theme-transparent-header-meta":"","adv-header-id-meta":"","stick-header-meta":"","header-above-stick-meta":"","header-main-stick-meta":"","header-below-stick-meta":"","astra-migrate-meta-layouts":"default","ast-page-background-enabled":"default","ast-page-background-meta":{"desktop":{"background-color":"var(--ast-global-color-4)","background-image":"","background-repeat":"repeat","background-position":"center center","background-size":"auto","background-attachment":"scroll","background-type":"","background-media":"","overlay-type":"","overlay-color":"","overlay-opacity":"","overlay-gradient":""},"tablet":{"background-color":"","background-image":"","background-repeat":"repeat","background-position":"center center","background-size":"auto","background-attachment":"scroll","background-type":"","background-media":"","overlay-type":"","overlay-color":"","overlay-opacity":"","overlay-gradient":""},"mobile":{"background-color":"","background-image":"","background-repeat":"repeat","background-position":"center center","background-size":"auto","background-attachment":"scroll","background-type":"","background-media":"","overlay-type":"","overlay-color":"","overlay-opacity":"","overlay-gradient":""}},"ast-content-background-meta":{"desktop":{"background-color":"var(--ast-global-color-5)","background-image":"","background-repeat":"repeat","background-position":"center center","background-size":"auto","background-attachment":"scroll","background-type":"","background-media":"","overlay-type":"","overlay-color":"","overlay-opacity":"","overlay-gradient":""},"tablet":{"background-color":"var(--ast-global-color-5)","background-image":"","background-repeat":"repeat","background-position":"center center","background-size":"auto","background-attachment":"scroll","background-type":"","background-media":"","overlay-type":"","overlay-color":"","overlay-opacity":"","overlay-gradient":""},"mobile":{"background-color":"var(--ast-global-color-5)","background-image":"","background-repeat":"repeat","background-position":"center center","background-size":"auto","background-attachment":"scroll","background-type":"","background-media":"","overlay-type":"","overlay-color":"","overlay-opacity":"","overlay-gradient":""}},"footnotes":""},"class_list":["post-324","page","type-page","status-publish","hentry"],"_links":{"self":[{"href":"https:\/\/aesaromatherapie.fr\/index.php?rest_route=\/wp\/v2\/pages\/324","targetHints":{"allow":["GET"]}}],"collection":[{"href":"https:\/\/aesaromatherapie.fr\/index.php?rest_route=\/wp\/v2\/pages"}],"about":[{"href":"https:\/\/aesaromatherapie.fr\/index.php?rest_route=\/wp\/v2\/types\/page"}],"author":[{"embeddable":true,"href":"https:\/\/aesaromatherapie.fr\/index.php?rest_route=\/wp\/v2\/users\/1"}],"replies":[{"embeddable":true,"href":"https:\/\/aesaromatherapie.fr\/index.php?rest_route=%2Fwp%2Fv2%2Fcomments&post=324"}],"version-history":[{"count":10,"href":"https:\/\/aesaromatherapie.fr\/index.php?rest_route=\/wp\/v2\/pages\/324\/revisions"}],"predecessor-version":[{"id":384,"href":"https:\/\/aesaromatherapie.fr\/index.php?rest_route=\/wp\/v2\/pages\/324\/revisions\/384"}],"wp:attachment":[{"href":"https:\/\/aesaromatherapie.fr\/index.php?rest_route=%2Fwp%2Fv2%2Fmedia&parent=324"}],"curies":[{"name":"wp","href":"https:\/\/api.w.org\/{rel}","templated":true}]}}