{"id":30,"date":"2024-11-24T15:26:16","date_gmt":"2024-11-24T14:26:16","guid":{"rendered":"https:\/\/aesaromatherapie.fr\/?page_id=30"},"modified":"2025-06-03T13:02:13","modified_gmt":"2025-06-03T11:02:13","slug":"les-huiles-essentielles","status":"publish","type":"page","link":"https:\/\/aesaromatherapie.fr\/?page_id=30","title":{"rendered":"Les Huiles Essentielles"},"content":{"rendered":"\t\t<div data-elementor-type=\"wp-page\" data-elementor-id=\"30\" class=\"elementor elementor-30\">\n\t\t\t\t<div class=\"elementor-element elementor-element-2ae844e e-flex e-con-boxed e-con e-parent\" data-id=\"2ae844e\" data-element_type=\"container\">\n\t\t\t\t\t<div class=\"e-con-inner\">\n\t\t\t\t<div class=\"elementor-element elementor-element-ab24de1 elementor-widget elementor-widget-image\" data-id=\"ab24de1\" data-element_type=\"widget\" data-widget_type=\"image.default\">\n\t\t\t\t<div class=\"elementor-widget-container\">\n\t\t\t\t\t\t\t\t\t\t\t\t\t\t\t<img fetchpriority=\"high\" decoding=\"async\" width=\"2000\" height=\"800\" src=\"https:\/\/aesaromatherapie.fr\/wp-content\/uploads\/2025\/06\/entete-site.png\" class=\"attachment-full size-full wp-image-377\" alt=\"\" srcset=\"https:\/\/aesaromatherapie.fr\/wp-content\/uploads\/2025\/06\/entete-site.png 2000w, https:\/\/aesaromatherapie.fr\/wp-content\/uploads\/2025\/06\/entete-site-300x120.png 300w, https:\/\/aesaromatherapie.fr\/wp-content\/uploads\/2025\/06\/entete-site-1024x410.png 1024w, https:\/\/aesaromatherapie.fr\/wp-content\/uploads\/2025\/06\/entete-site-768x307.png 768w, https:\/\/aesaromatherapie.fr\/wp-content\/uploads\/2025\/06\/entete-site-1536x614.png 1536w\" sizes=\"(max-width: 2000px) 100vw, 2000px\" \/>\t\t\t\t\t\t\t\t\t\t\t\t\t\t\t<\/div>\n\t\t\t\t<\/div>\n\t\t\t\t\t<\/div>\n\t\t\t\t<\/div>\n\t\t<div class=\"elementor-element elementor-element-8ff8401 e-flex e-con-boxed e-con e-parent\" data-id=\"8ff8401\" data-element_type=\"container\">\n\t\t\t\t\t<div class=\"e-con-inner\">\n\t\t<div class=\"elementor-element elementor-element-81f6cfe e-con-full e-flex e-con e-child\" data-id=\"81f6cfe\" data-element_type=\"container\">\n\t\t\t\t<div class=\"elementor-element elementor-element-ca78c73 elementor-widget elementor-widget-text-editor\" data-id=\"ca78c73\" data-element_type=\"widget\" data-widget_type=\"text-editor.default\">\n\t\t\t\t<div class=\"elementor-widget-container\">\n\t\t\t\t\t\t\t\t\t<p>Les huiles essentielles sont bien plus que de simples parfums. Elles concentrent la puissance des plantes pour offrir des bienfaits sur le corps, l\u2019esprit et les \u00e9motions. Utilis\u00e9es depuis des si\u00e8cles, elles continuent aujourd\u2019hui d\u2019\u00eatre des alli\u00e9es pr\u00e9cieuses pour notre bien-\u00eatre au naturel.<\/p>\t\t\t\t\t\t\t\t<\/div>\n\t\t\t\t<\/div>\n\t\t\t\t<\/div>\n\t\t\t\t\t<\/div>\n\t\t\t\t<\/div>\n\t\t<div class=\"elementor-element elementor-element-c3f2383 e-flex e-con-boxed e-con e-parent\" data-id=\"c3f2383\" data-element_type=\"container\">\n\t\t\t\t\t<div class=\"e-con-inner\">\n\t\t\t\t<div class=\"elementor-element elementor-element-a1ee0fb elementor-widget-divider--view-line elementor-widget elementor-widget-divider\" data-id=\"a1ee0fb\" data-element_type=\"widget\" data-widget_type=\"divider.default\">\n\t\t\t\t<div class=\"elementor-widget-container\">\n\t\t\t\t\t\t\t<div class=\"elementor-divider\">\n\t\t\t<span class=\"elementor-divider-separator\">\n\t\t\t\t\t\t<\/span>\n\t\t<\/div>\n\t\t\t\t\t\t<\/div>\n\t\t\t\t<\/div>\n\t\t\t\t\t<\/div>\n\t\t\t\t<\/div>\n\t\t<div class=\"elementor-element elementor-element-c988d19 e-flex e-con-boxed e-con e-parent\" data-id=\"c988d19\" data-element_type=\"container\">\n\t\t\t\t\t<div class=\"e-con-inner\">\n\t\t<div class=\"elementor-element elementor-element-2e124f9 e-con-full e-flex e-con e-child\" data-id=\"2e124f9\" data-element_type=\"container\">\n\t\t\t\t<div class=\"elementor-element elementor-element-b5230f5 elementor-widget elementor-widget-heading\" data-id=\"b5230f5\" data-element_type=\"widget\" data-widget_type=\"heading.default\">\n\t\t\t\t<div class=\"elementor-widget-container\">\n\t\t\t\t\t<h2 class=\"elementor-heading-title elementor-size-default\">Qu\u2019est-ce qu\u2019une huile essentielle ?<\/h2>\t\t\t\t<\/div>\n\t\t\t\t<\/div>\n\t\t\t\t<\/div>\n\t\t\t\t\t<\/div>\n\t\t\t\t<\/div>\n\t\t<div class=\"elementor-element elementor-element-3693b76 e-flex e-con-boxed e-con e-parent\" data-id=\"3693b76\" data-element_type=\"container\">\n\t\t\t\t\t<div class=\"e-con-inner\">\n\t\t<div class=\"elementor-element elementor-element-81f8c70 e-con-full e-flex e-con e-child\" data-id=\"81f8c70\" data-element_type=\"container\">\n\t\t\t\t<div class=\"elementor-element elementor-element-5811043 elementor-widget elementor-widget-text-editor\" data-id=\"5811043\" data-element_type=\"widget\" data-widget_type=\"text-editor.default\">\n\t\t\t\t<div class=\"elementor-widget-container\">\n\t\t\t\t\t\t\t\t\t<p>Les huiles essentielles sont bien plus qu\u2019un simple parfum agr\u00e9able. Elles sont l&rsquo;essence m\u00eame des plantes, concentrant leur pouvoir naturel dans un flacon. Issues des feuilles, des fleurs, des \u00e9corces, des racines ou des fruits, ces extraits pr\u00e9cieux sont le r\u00e9sultat d\u2019un processus minutieux qui respecte la richesse de la nature.<\/p><p>Une huile essentielle est un extrait naturel et concentr\u00e9 obtenu \u00e0 partir de plantes aromatiques. Ces extraits contiennent les compos\u00e9s actifs responsables des propri\u00e9t\u00e9s th\u00e9rapeutiques, du parfum unique et des bienfaits que chaque plante offre.<\/p><p>Elles se distinguent par leur complexit\u00e9 : chaque goutte contient des dizaines, voire des centaines de compos\u00e9s chimiques qui travaillent en synergie pour apporter leurs effets b\u00e9n\u00e9fiques sur le corps et l\u2019esprit.<\/p>\t\t\t\t\t\t\t\t<\/div>\n\t\t\t\t<\/div>\n\t\t\t\t<\/div>\n\t\t\t\t\t<\/div>\n\t\t\t\t<\/div>\n\t\t<div class=\"elementor-element elementor-element-f261acf e-flex e-con-boxed e-con e-parent\" data-id=\"f261acf\" data-element_type=\"container\">\n\t\t\t\t\t<div class=\"e-con-inner\">\n\t\t\t\t<div class=\"elementor-element elementor-element-dd1ff53 elementor-widget-divider--view-line elementor-widget elementor-widget-divider\" data-id=\"dd1ff53\" data-element_type=\"widget\" data-widget_type=\"divider.default\">\n\t\t\t\t<div class=\"elementor-widget-container\">\n\t\t\t\t\t\t\t<div class=\"elementor-divider\">\n\t\t\t<span class=\"elementor-divider-separator\">\n\t\t\t\t\t\t<\/span>\n\t\t<\/div>\n\t\t\t\t\t\t<\/div>\n\t\t\t\t<\/div>\n\t\t\t\t\t<\/div>\n\t\t\t\t<\/div>\n\t\t<div class=\"elementor-element elementor-element-74ae4c3 e-flex e-con-boxed e-con e-parent\" data-id=\"74ae4c3\" data-element_type=\"container\">\n\t\t\t\t\t<div class=\"e-con-inner\">\n\t\t<div class=\"elementor-element elementor-element-7481d58 e-con-full e-flex e-con e-child\" data-id=\"7481d58\" data-element_type=\"container\">\n\t\t\t\t<div class=\"elementor-element elementor-element-47efa28 elementor-widget elementor-widget-heading\" data-id=\"47efa28\" data-element_type=\"widget\" data-widget_type=\"heading.default\">\n\t\t\t\t<div class=\"elementor-widget-container\">\n\t\t\t\t\t<h2 class=\"elementor-heading-title elementor-size-default\">Comment sont-elles obtenues ?<\/h2>\t\t\t\t<\/div>\n\t\t\t\t<\/div>\n\t\t\t\t<\/div>\n\t\t\t\t\t<\/div>\n\t\t\t\t<\/div>\n\t\t<div class=\"elementor-element elementor-element-0a73027 e-flex e-con-boxed e-con e-parent\" data-id=\"0a73027\" data-element_type=\"container\">\n\t\t\t\t\t<div class=\"e-con-inner\">\n\t\t<div class=\"elementor-element elementor-element-f1f3faa e-con-full e-flex e-con e-child\" data-id=\"f1f3faa\" data-element_type=\"container\">\n\t\t\t\t<div class=\"elementor-element elementor-element-0a05f46 elementor-widget elementor-widget-text-editor\" data-id=\"0a05f46\" data-element_type=\"widget\" data-widget_type=\"text-editor.default\">\n\t\t\t\t<div class=\"elementor-widget-container\">\n\t\t\t\t\t\t\t\t\t<p>La m\u00e9thode d\u2019extraction d\u00e9pend du type de plante. Les plus courantes sont :<\/p><ul><li><p><strong>La distillation \u00e0 la vapeur d\u2019eau<\/strong><br \/>C\u2019est la m\u00e9thode la plus utilis\u00e9e. Les plantes sont chauff\u00e9es \u00e0 la vapeur, ce qui lib\u00e8re leurs compos\u00e9s aromatiques volatils. Ces compos\u00e9s sont ensuite condens\u00e9s pour obtenir un m\u00e9lange d\u2019huile essentielle et d\u2019eau aromatique (hydrolat).<\/p><\/li><li><p><strong>La pression \u00e0 froid<\/strong><br \/>Cette technique est surtout utilis\u00e9e pour les agrumes (citron, orange, bergamote). Les \u00e9corces sont press\u00e9es pour extraire les huiles essentielles directement.<\/p><\/li><\/ul><p>Ces proc\u00e9d\u00e9s permettent de pr\u00e9server l\u2019int\u00e9grit\u00e9 des mol\u00e9cules actives, garantissant ainsi la puissance et l\u2019efficacit\u00e9 des huiles essentielles.<\/p>\t\t\t\t\t\t\t\t<\/div>\n\t\t\t\t<\/div>\n\t\t\t\t<\/div>\n\t\t\t\t\t<\/div>\n\t\t\t\t<\/div>\n\t\t<div class=\"elementor-element elementor-element-4541121 e-flex e-con-boxed e-con e-parent\" data-id=\"4541121\" data-element_type=\"container\">\n\t\t\t\t\t<div class=\"e-con-inner\">\n\t\t\t\t<div class=\"elementor-element elementor-element-41486c5 elementor-widget-divider--view-line elementor-widget elementor-widget-divider\" data-id=\"41486c5\" data-element_type=\"widget\" data-widget_type=\"divider.default\">\n\t\t\t\t<div class=\"elementor-widget-container\">\n\t\t\t\t\t\t\t<div class=\"elementor-divider\">\n\t\t\t<span class=\"elementor-divider-separator\">\n\t\t\t\t\t\t<\/span>\n\t\t<\/div>\n\t\t\t\t\t\t<\/div>\n\t\t\t\t<\/div>\n\t\t\t\t\t<\/div>\n\t\t\t\t<\/div>\n\t\t<div class=\"elementor-element elementor-element-4452e45 e-flex e-con-boxed e-con e-parent\" data-id=\"4452e45\" data-element_type=\"container\">\n\t\t\t\t\t<div class=\"e-con-inner\">\n\t\t<div class=\"elementor-element elementor-element-5064fc1 e-con-full e-flex e-con e-child\" data-id=\"5064fc1\" data-element_type=\"container\">\n\t\t\t\t<div class=\"elementor-element elementor-element-0ee5077 elementor-widget elementor-widget-heading\" data-id=\"0ee5077\" data-element_type=\"widget\" data-widget_type=\"heading.default\">\n\t\t\t\t<div class=\"elementor-widget-container\">\n\t\t\t\t\t<h2 class=\"elementor-heading-title elementor-size-default\">Pourquoi la qualit\u00e9 est-elle essentielle ?<\/h2>\t\t\t\t<\/div>\n\t\t\t\t<\/div>\n\t\t\t\t<\/div>\n\t\t\t\t\t<\/div>\n\t\t\t\t<\/div>\n\t\t<div class=\"elementor-element elementor-element-567c4cb e-flex e-con-boxed e-con e-parent\" data-id=\"567c4cb\" data-element_type=\"container\">\n\t\t\t\t\t<div class=\"e-con-inner\">\n\t\t<div class=\"elementor-element elementor-element-85af0e0 e-con-full e-flex e-con e-child\" data-id=\"85af0e0\" data-element_type=\"container\">\n\t\t\t\t<div class=\"elementor-element elementor-element-c412087 elementor-widget elementor-widget-text-editor\" data-id=\"c412087\" data-element_type=\"widget\" data-widget_type=\"text-editor.default\">\n\t\t\t\t<div class=\"elementor-widget-container\">\n\t\t\t\t\t\t\t\t\t<p>Toutes les huiles essentielles ne se valent pas. La puret\u00e9, l\u2019origine des plantes, et les m\u00e9thodes de fabrication influencent leur qualit\u00e9 et leur efficacit\u00e9.<\/p><p>Pour garantir un produit s\u00fbr et efficace :<\/p><ul><li>Recherchez des huiles 100 % pures, sans additifs ou diluants.<\/li><li>Optez pour des marques reconnues, comme <strong>Young Living<\/strong>, qui garantissent une tra\u00e7abilit\u00e9 et une production \u00e9thique.<\/li><li>V\u00e9rifiez que les huiles essentielles soient issues de l\u2019agriculture biologique ou de cultures responsables.<\/li><\/ul><p>Une huile essentielle de qualit\u00e9 offre non seulement un parfum authentique, mais \u00e9galement des bienfaits th\u00e9rapeutiques puissants et s\u00fbrs.<\/p>\t\t\t\t\t\t\t\t<\/div>\n\t\t\t\t<\/div>\n\t\t\t\t<\/div>\n\t\t\t\t\t<\/div>\n\t\t\t\t<\/div>\n\t\t<div class=\"elementor-element elementor-element-1e6d6ab e-flex e-con-boxed e-con e-parent\" data-id=\"1e6d6ab\" data-element_type=\"container\">\n\t\t\t\t\t<div class=\"e-con-inner\">\n\t\t\t\t<div class=\"elementor-element elementor-element-2552589 elementor-widget-divider--view-line elementor-widget elementor-widget-divider\" data-id=\"2552589\" data-element_type=\"widget\" data-widget_type=\"divider.default\">\n\t\t\t\t<div class=\"elementor-widget-container\">\n\t\t\t\t\t\t\t<div class=\"elementor-divider\">\n\t\t\t<span class=\"elementor-divider-separator\">\n\t\t\t\t\t\t<\/span>\n\t\t<\/div>\n\t\t\t\t\t\t<\/div>\n\t\t\t\t<\/div>\n\t\t\t\t\t<\/div>\n\t\t\t\t<\/div>\n\t\t<div class=\"elementor-element elementor-element-e4eb7d6 e-flex e-con-boxed e-con e-parent\" data-id=\"e4eb7d6\" data-element_type=\"container\">\n\t\t\t\t\t<div class=\"e-con-inner\">\n\t\t<div class=\"elementor-element elementor-element-e015ced e-con-full e-flex e-con e-child\" data-id=\"e015ced\" data-element_type=\"container\">\n\t\t\t\t<div class=\"elementor-element elementor-element-e8d6ff7 elementor-widget elementor-widget-heading\" data-id=\"e8d6ff7\" data-element_type=\"widget\" data-widget_type=\"heading.default\">\n\t\t\t\t<div class=\"elementor-widget-container\">\n\t\t\t\t\t<h2 class=\"elementor-heading-title elementor-size-default\"> Un cadeau de la nature pour votre bien-\u00eatre<\/h2>\t\t\t\t<\/div>\n\t\t\t\t<\/div>\n\t\t\t\t<\/div>\n\t\t\t\t\t<\/div>\n\t\t\t\t<\/div>\n\t\t<div class=\"elementor-element elementor-element-811fca2 e-flex e-con-boxed e-con e-parent\" data-id=\"811fca2\" data-element_type=\"container\">\n\t\t\t\t\t<div class=\"e-con-inner\">\n\t\t<div class=\"elementor-element elementor-element-19b597b e-con-full e-flex e-con e-child\" data-id=\"19b597b\" data-element_type=\"container\">\n\t\t\t\t<div class=\"elementor-element elementor-element-8f68b4f elementor-widget elementor-widget-text-editor\" data-id=\"8f68b4f\" data-element_type=\"widget\" data-widget_type=\"text-editor.default\">\n\t\t\t\t<div class=\"elementor-widget-container\">\n\t\t\t\t\t\t\t\t\t<p>Chaque huile essentielle est unique et raconte une histoire, celle de la plante dont elle est issue. Ces extraits pr\u00e9cieux concentrent l\u2019\u00e9nergie et la sagesse de la nature pour soutenir votre bien-\u00eatre \u00e0 diff\u00e9rents niveaux : physique, \u00e9motionnel, et m\u00eame spirituel.<\/p><p>Utilis\u00e9es avec soin, les huiles essentielles sont de v\u00e9ritables tr\u00e9sors qui peuvent transformer votre quotidien.<\/p>\t\t\t\t\t\t\t\t<\/div>\n\t\t\t\t<\/div>\n\t\t\t\t<\/div>\n\t\t\t\t\t<\/div>\n\t\t\t\t<\/div>\n\t\t<div class=\"elementor-element elementor-element-344820a e-flex e-con-boxed e-con e-parent\" data-id=\"344820a\" data-element_type=\"container\">\n\t\t\t\t\t<div class=\"e-con-inner\">\n\t\t\t\t<div class=\"elementor-element elementor-element-1117252 elementor-widget-divider--view-line elementor-widget elementor-widget-divider\" data-id=\"1117252\" data-element_type=\"widget\" data-widget_type=\"divider.default\">\n\t\t\t\t<div class=\"elementor-widget-container\">\n\t\t\t\t\t\t\t<div class=\"elementor-divider\">\n\t\t\t<span class=\"elementor-divider-separator\">\n\t\t\t\t\t\t<\/span>\n\t\t<\/div>\n\t\t\t\t\t\t<\/div>\n\t\t\t\t<\/div>\n\t\t\t\t\t<\/div>\n\t\t\t\t<\/div>\n\t\t<div class=\"elementor-element elementor-element-e2709a1 e-flex e-con-boxed e-con e-parent\" data-id=\"e2709a1\" data-element_type=\"container\" data-settings=\"{&quot;background_background&quot;:&quot;gradient&quot;}\">\n\t\t\t\t\t<div class=\"e-con-inner\">\n\t\t<div class=\"elementor-element elementor-element-51d30c6 e-con-full e-flex e-con e-child\" data-id=\"51d30c6\" data-element_type=\"container\">\n\t\t<div class=\"elementor-element elementor-element-71d3f58 e-con-full e-flex e-con e-child\" data-id=\"71d3f58\" data-element_type=\"container\">\n\t\t\t\t<div class=\"elementor-element elementor-element-c12625c elementor-widget elementor-widget-text-editor\" data-id=\"c12625c\" data-element_type=\"widget\" data-widget_type=\"text-editor.default\">\n\t\t\t\t<div class=\"elementor-widget-container\">\n\t\t\t\t\t\t\t\t\t<p><img decoding=\"async\" class=\"alignnone size-medium wp-image-27\" src=\"https:\/\/aesaromatherapie.fr\/wp-content\/uploads\/2024\/11\/SeedtoSeal_Logo_Black_2021-274x300.png\" alt=\"\" width=\"274\" height=\"300\" srcset=\"https:\/\/aesaromatherapie.fr\/wp-content\/uploads\/2024\/11\/SeedtoSeal_Logo_Black_2021-274x300.png 274w, https:\/\/aesaromatherapie.fr\/wp-content\/uploads\/2024\/11\/SeedtoSeal_Logo_Black_2021-937x1024.png 937w, https:\/\/aesaromatherapie.fr\/wp-content\/uploads\/2024\/11\/SeedtoSeal_Logo_Black_2021-768x840.png 768w, https:\/\/aesaromatherapie.fr\/wp-content\/uploads\/2024\/11\/SeedtoSeal_Logo_Black_2021-1405x1536.png 1405w, https:\/\/aesaromatherapie.fr\/wp-content\/uploads\/2024\/11\/SeedtoSeal_Logo_Black_2021.png 1618w\" sizes=\"(max-width: 274px) 100vw, 274px\" \/><\/p>\t\t\t\t\t\t\t\t<\/div>\n\t\t\t\t<\/div>\n\t\t\t\t<\/div>\n\t\t\t\t<\/div>\n\t\t<div class=\"elementor-element elementor-element-6fe2f9b e-con-full e-flex e-con e-child\" data-id=\"6fe2f9b\" data-element_type=\"container\">\n\t\t<div class=\"elementor-element elementor-element-cfd168c e-con-full e-flex e-con e-child\" data-id=\"cfd168c\" data-element_type=\"container\">\n\t\t\t\t<div class=\"elementor-element elementor-element-7fdeabb elementor-widget elementor-widget-text-editor\" data-id=\"7fdeabb\" data-element_type=\"widget\" data-widget_type=\"text-editor.default\">\n\t\t\t\t<div class=\"elementor-widget-container\">\n\t\t\t\t\t\t\t\t\t<h4>\u00a0<\/h4><h4>Les odeurs comme les sons musicaux, sont de rares sublimateurs de l&rsquo;essence de la m\u00e9moire<\/h4><h6>\u00a0<\/h6><h4><em>Georges du Maurier<\/em><\/h4>\t\t\t\t\t\t\t\t<\/div>\n\t\t\t\t<\/div>\n\t\t\t\t<\/div>\n\t\t\t\t<\/div>\n\t\t<div class=\"elementor-element elementor-element-f77687c e-con-full e-flex e-con e-child\" data-id=\"f77687c\" data-element_type=\"container\">\n\t\t<div class=\"elementor-element elementor-element-669075f e-con-full e-flex e-con e-child\" data-id=\"669075f\" data-element_type=\"container\">\n\t\t\t\t<div class=\"elementor-element elementor-element-ab60b27 elementor-widget elementor-widget-text-editor\" data-id=\"ab60b27\" data-element_type=\"widget\" data-widget_type=\"text-editor.default\">\n\t\t\t\t<div class=\"elementor-widget-container\">\n\t\t\t\t\t\t\t\t\t<p><span style=\"text-decoration: underline;\"><strong>Pour me contacter<\/strong><\/span> :\u00a0<\/p><p><span style=\"text-decoration: underline;\">Whatsapp<\/span> : +33 6 49 37 70 83<\/p><p><span style=\"text-decoration: underline;\">Mail<\/span> : contact@aesaromatherapie.fr<\/p>\t\t\t\t\t\t\t\t<\/div>\n\t\t\t\t<\/div>\n\t\t\t\t<\/div>\n\t\t\t\t<\/div>\n\t\t\t\t\t<\/div>\n\t\t\t\t<\/div>\n\t\t\t\t<\/div>\n\t\t","protected":false},"excerpt":{"rendered":"<p>Les huiles essentielles sont bien plus que de simples parfums. Elles concentrent la puissance des plantes pour offrir des bienfaits [&hellip;]<\/p>\n","protected":false},"author":1,"featured_media":0,"parent":0,"menu_order":0,"comment_status":"closed","ping_status":"closed","template":"","meta":{"site-sidebar-layout":"no-sidebar","site-content-layout":"","ast-site-content-layout":"full-width-container","site-content-style":"default","site-sidebar-style":"default","ast-global-header-display":"","ast-banner-title-visibility":"","ast-main-header-display":"","ast-hfb-above-header-display":"","ast-hfb-below-header-display":"","ast-hfb-mobile-header-display":"","site-post-title":"disabled","ast-breadcrumbs-content":"","ast-featured-img":"disabled","footer-sml-layout":"","theme-transparent-header-meta":"","adv-header-id-meta":"","stick-header-meta":"","header-above-stick-meta":"","header-main-stick-meta":"","header-below-stick-meta":"","astra-migrate-meta-layouts":"default","ast-page-background-enabled":"default","ast-page-background-meta":{"desktop":{"background-color":"var(--ast-global-color-4)","background-image":"","background-repeat":"repeat","background-position":"center center","background-size":"auto","background-attachment":"scroll","background-type":"","background-media":"","overlay-type":"","overlay-color":"","overlay-opacity":"","overlay-gradient":""},"tablet":{"background-color":"","background-image":"","background-repeat":"repeat","background-position":"center center","background-size":"auto","background-attachment":"scroll","background-type":"","background-media":"","overlay-type":"","overlay-color":"","overlay-opacity":"","overlay-gradient":""},"mobile":{"background-color":"","background-image":"","background-repeat":"repeat","background-position":"center center","background-size":"auto","background-attachment":"scroll","background-type":"","background-media":"","overlay-type":"","overlay-color":"","overlay-opacity":"","overlay-gradient":""}},"ast-content-background-meta":{"desktop":{"background-color":"var(--ast-global-color-5)","background-image":"","background-repeat":"repeat","background-position":"center center","background-size":"auto","background-attachment":"scroll","background-type":"","background-media":"","overlay-type":"","overlay-color":"","overlay-opacity":"","overlay-gradient":""},"tablet":{"background-color":"var(--ast-global-color-5)","background-image":"","background-repeat":"repeat","background-position":"center center","background-size":"auto","background-attachment":"scroll","background-type":"","background-media":"","overlay-type":"","overlay-color":"","overlay-opacity":"","overlay-gradient":""},"mobile":{"background-color":"var(--ast-global-color-5)","background-image":"","background-repeat":"repeat","background-position":"center center","background-size":"auto","background-attachment":"scroll","background-type":"","background-media":"","overlay-type":"","overlay-color":"","overlay-opacity":"","overlay-gradient":""}},"footnotes":""},"class_list":["post-30","page","type-page","status-publish","hentry"],"_links":{"self":[{"href":"https:\/\/aesaromatherapie.fr\/index.php?rest_route=\/wp\/v2\/pages\/30","targetHints":{"allow":["GET"]}}],"collection":[{"href":"https:\/\/aesaromatherapie.fr\/index.php?rest_route=\/wp\/v2\/pages"}],"about":[{"href":"https:\/\/aesaromatherapie.fr\/index.php?rest_route=\/wp\/v2\/types\/page"}],"author":[{"embeddable":true,"href":"https:\/\/aesaromatherapie.fr\/index.php?rest_route=\/wp\/v2\/users\/1"}],"replies":[{"embeddable":true,"href":"https:\/\/aesaromatherapie.fr\/index.php?rest_route=%2Fwp%2Fv2%2Fcomments&post=30"}],"version-history":[{"count":22,"href":"https:\/\/aesaromatherapie.fr\/index.php?rest_route=\/wp\/v2\/pages\/30\/revisions"}],"predecessor-version":[{"id":380,"href":"https:\/\/aesaromatherapie.fr\/index.php?rest_route=\/wp\/v2\/pages\/30\/revisions\/380"}],"wp:attachment":[{"href":"https:\/\/aesaromatherapie.fr\/index.php?rest_route=%2Fwp%2Fv2%2Fmedia&parent=30"}],"curies":[{"name":"wp","href":"https:\/\/api.w.org\/{rel}","templated":true}]}}