{"id":291,"date":"2025-06-02T11:56:08","date_gmt":"2025-06-02T09:56:08","guid":{"rendered":"https:\/\/aesaromatherapie.fr\/?page_id=291"},"modified":"2025-06-03T13:30:15","modified_gmt":"2025-06-03T11:30:15","slug":"raindrop","status":"publish","type":"page","link":"https:\/\/aesaromatherapie.fr\/?page_id=291","title":{"rendered":"Raindrop\u00ae"},"content":{"rendered":"\t\t<div data-elementor-type=\"wp-page\" data-elementor-id=\"291\" class=\"elementor elementor-291\">\n\t\t\t\t<div class=\"elementor-element elementor-element-53328315 e-flex e-con-boxed e-con e-parent\" data-id=\"53328315\" data-element_type=\"container\">\n\t\t\t\t\t<div class=\"e-con-inner\">\n\t\t\t\t<div class=\"elementor-element elementor-element-75a8699c elementor-widget elementor-widget-image\" data-id=\"75a8699c\" data-element_type=\"widget\" data-widget_type=\"image.default\">\n\t\t\t\t<div class=\"elementor-widget-container\">\n\t\t\t\t\t\t\t\t\t\t\t\t\t\t\t<img fetchpriority=\"high\" decoding=\"async\" width=\"2000\" height=\"800\" src=\"https:\/\/aesaromatherapie.fr\/wp-content\/uploads\/2025\/06\/raindrop.png\" class=\"attachment-full size-full wp-image-402\" alt=\"\" srcset=\"https:\/\/aesaromatherapie.fr\/wp-content\/uploads\/2025\/06\/raindrop.png 2000w, https:\/\/aesaromatherapie.fr\/wp-content\/uploads\/2025\/06\/raindrop-300x120.png 300w, https:\/\/aesaromatherapie.fr\/wp-content\/uploads\/2025\/06\/raindrop-1024x410.png 1024w, https:\/\/aesaromatherapie.fr\/wp-content\/uploads\/2025\/06\/raindrop-768x307.png 768w, https:\/\/aesaromatherapie.fr\/wp-content\/uploads\/2025\/06\/raindrop-1536x614.png 1536w\" sizes=\"(max-width: 2000px) 100vw, 2000px\" \/>\t\t\t\t\t\t\t\t\t\t\t\t\t\t\t<\/div>\n\t\t\t\t<\/div>\n\t\t\t\t\t<\/div>\n\t\t\t\t<\/div>\n\t\t<div class=\"elementor-element elementor-element-6de4d3a2 e-flex e-con-boxed e-con e-parent\" data-id=\"6de4d3a2\" data-element_type=\"container\">\n\t\t\t\t\t<div class=\"e-con-inner\">\n\t\t<div class=\"elementor-element elementor-element-206a1497 e-con-full e-flex e-con e-child\" data-id=\"206a1497\" data-element_type=\"container\">\n\t\t\t\t<div class=\"elementor-element elementor-element-d5af31f elementor-widget elementor-widget-text-editor\" data-id=\"d5af31f\" data-element_type=\"widget\" data-widget_type=\"text-editor.default\">\n\t\t\t\t<div class=\"elementor-widget-container\">\n\t\t\t\t\t\t\t\t\t<h4><strong>Soin Raindrop\u00ae \u2013 Quand les huiles essentielles deviennent un soin du corps et de l\u2019\u00e2me<\/strong><\/h4><p>Une technique unique pour rel\u00e2cher, r\u00e9aligner et r\u00e9harmoniser en profondeur, par la magie des huiles et du toucher conscient.<\/p>\t\t\t\t\t\t\t\t<\/div>\n\t\t\t\t<\/div>\n\t\t\t\t<\/div>\n\t\t\t\t\t<\/div>\n\t\t\t\t<\/div>\n\t\t<div class=\"elementor-element elementor-element-445cda64 e-flex e-con-boxed e-con e-parent\" data-id=\"445cda64\" data-element_type=\"container\">\n\t\t\t\t\t<div class=\"e-con-inner\">\n\t\t\t\t<div class=\"elementor-element elementor-element-3bf52ca2 elementor-widget-divider--view-line elementor-widget elementor-widget-divider\" data-id=\"3bf52ca2\" data-element_type=\"widget\" data-widget_type=\"divider.default\">\n\t\t\t\t<div class=\"elementor-widget-container\">\n\t\t\t\t\t\t\t<div class=\"elementor-divider\">\n\t\t\t<span class=\"elementor-divider-separator\">\n\t\t\t\t\t\t<\/span>\n\t\t<\/div>\n\t\t\t\t\t\t<\/div>\n\t\t\t\t<\/div>\n\t\t\t\t\t<\/div>\n\t\t\t\t<\/div>\n\t\t<div class=\"elementor-element elementor-element-50f0f3e3 e-flex e-con-boxed e-con e-parent\" data-id=\"50f0f3e3\" data-element_type=\"container\">\n\t\t\t\t\t<div class=\"e-con-inner\">\n\t\t<div class=\"elementor-element elementor-element-46a8dffb e-con-full e-flex e-con e-child\" data-id=\"46a8dffb\" data-element_type=\"container\">\n\t\t\t\t<div class=\"elementor-element elementor-element-714a3d4a elementor-widget elementor-widget-heading\" data-id=\"714a3d4a\" data-element_type=\"widget\" data-widget_type=\"heading.default\">\n\t\t\t\t<div class=\"elementor-widget-container\">\n\t\t\t\t\t<h2 class=\"elementor-heading-title elementor-size-default\">Pr\u00e9sentation de la Formation<\/h2>\t\t\t\t<\/div>\n\t\t\t\t<\/div>\n\t\t\t\t<\/div>\n\t\t\t\t\t<\/div>\n\t\t\t\t<\/div>\n\t\t<div class=\"elementor-element elementor-element-3a76eae9 e-flex e-con-boxed e-con e-parent\" data-id=\"3a76eae9\" data-element_type=\"container\">\n\t\t\t\t\t<div class=\"e-con-inner\">\n\t\t<div class=\"elementor-element elementor-element-11d81b31 e-con-full e-flex e-con e-child\" data-id=\"11d81b31\" data-element_type=\"container\">\n\t\t\t\t<div class=\"elementor-element elementor-element-7e1726f0 elementor-widget elementor-widget-text-editor\" data-id=\"7e1726f0\" data-element_type=\"widget\" data-widget_type=\"text-editor.default\">\n\t\t\t\t<div class=\"elementor-widget-container\">\n\t\t\t\t\t\t\t\t\t<p data-start=\"503\" data-end=\"838\">Cette formation au <strong data-start=\"522\" data-end=\"556\">soin Raindrop\u00ae de Young Living<\/strong> t\u2019enseigne un protocole unique m\u00ealant aromath\u00e9rapie, r\u00e9flexologie, techniques \u00e9nerg\u00e9tiques et effleurages profonds. Inspir\u00e9e des savoirs am\u00e9rindiens et de l\u2019intelligence des huiles essentielles, cette m\u00e9thode est \u00e0 la fois <strong data-start=\"780\" data-end=\"837\">structurante, lib\u00e9ratrice et profond\u00e9ment r\u00e9g\u00e9n\u00e9rante<\/strong>.<\/p><p data-start=\"840\" data-end=\"1030\">Tu apprendras \u00e0 <strong data-start=\"856\" data-end=\"890\">ma\u00eetriser chaque \u00e9tape du soin<\/strong>, \u00e0 comprendre les synergies aromatiques utilis\u00e9es, \u00e0 cr\u00e9er un espace de soin sacr\u00e9 et \u00e0 accompagner chaque personne avec respect et \u00e9coute.<\/p>\t\t\t\t\t\t\t\t<\/div>\n\t\t\t\t<\/div>\n\t\t\t\t<\/div>\n\t\t\t\t\t<\/div>\n\t\t\t\t<\/div>\n\t\t<div class=\"elementor-element elementor-element-38b645c1 e-flex e-con-boxed e-con e-parent\" data-id=\"38b645c1\" data-element_type=\"container\">\n\t\t\t\t\t<div class=\"e-con-inner\">\n\t\t\t\t<div class=\"elementor-element elementor-element-32785647 elementor-widget-divider--view-line elementor-widget elementor-widget-divider\" data-id=\"32785647\" data-element_type=\"widget\" data-widget_type=\"divider.default\">\n\t\t\t\t<div class=\"elementor-widget-container\">\n\t\t\t\t\t\t\t<div class=\"elementor-divider\">\n\t\t\t<span class=\"elementor-divider-separator\">\n\t\t\t\t\t\t<\/span>\n\t\t<\/div>\n\t\t\t\t\t\t<\/div>\n\t\t\t\t<\/div>\n\t\t\t\t\t<\/div>\n\t\t\t\t<\/div>\n\t\t<div class=\"elementor-element elementor-element-6a705114 e-flex e-con-boxed e-con e-parent\" data-id=\"6a705114\" data-element_type=\"container\">\n\t\t\t\t\t<div class=\"e-con-inner\">\n\t\t<div class=\"elementor-element elementor-element-2bf3c055 e-con-full e-flex e-con e-child\" data-id=\"2bf3c055\" data-element_type=\"container\">\n\t\t\t\t<div class=\"elementor-element elementor-element-11cefff2 elementor-widget elementor-widget-heading\" data-id=\"11cefff2\" data-element_type=\"widget\" data-widget_type=\"heading.default\">\n\t\t\t\t<div class=\"elementor-widget-container\">\n\t\t\t\t\t<h2 class=\"elementor-heading-title elementor-size-default\">\u00c0 qui s\u2019adresse cette formation ?<\/h2>\t\t\t\t<\/div>\n\t\t\t\t<\/div>\n\t\t\t\t<\/div>\n\t\t\t\t\t<\/div>\n\t\t\t\t<\/div>\n\t\t<div class=\"elementor-element elementor-element-7e85e6ca e-flex e-con-boxed e-con e-parent\" data-id=\"7e85e6ca\" data-element_type=\"container\">\n\t\t\t\t\t<div class=\"e-con-inner\">\n\t\t<div class=\"elementor-element elementor-element-687db805 e-con-full e-flex e-con e-child\" data-id=\"687db805\" data-element_type=\"container\">\n\t\t\t\t<div class=\"elementor-element elementor-element-7e4cfb3e elementor-widget elementor-widget-text-editor\" data-id=\"7e4cfb3e\" data-element_type=\"widget\" data-widget_type=\"text-editor.default\">\n\t\t\t\t<div class=\"elementor-widget-container\">\n\t\t\t\t\t\t\t\t\t<p data-start=\"1079\" data-end=\"1110\"><strong>Cette formation est ouverte \u00e0 :<\/strong><\/p><ul data-start=\"1111\" data-end=\"1437\"><li data-start=\"1111\" data-end=\"1163\"><p data-start=\"1113\" data-end=\"1163\">Th\u00e9rapeutes, praticiens bien-\u00eatre, \u00e9nerg\u00e9ticiens<\/p><\/li><li data-start=\"1164\" data-end=\"1240\"><p data-start=\"1166\" data-end=\"1240\">Professionnels de l\u2019accompagnement qui souhaitent enrichir leur approche<\/p><\/li><li data-start=\"1241\" data-end=\"1331\"><p data-start=\"1243\" data-end=\"1331\">Passionn\u00e9\u00b7es d\u2019aromath\u00e9rapie d\u00e9sireux\u00b7ses de transmettre un soin puissant et structur\u00e9<\/p><\/li><li data-start=\"1332\" data-end=\"1437\"><p data-start=\"1334\" data-end=\"1437\">Toute personne en chemin, sensible \u00e0 la dimension <strong data-start=\"1384\" data-end=\"1404\">corps-\u00e2me-esprit<\/strong> (m\u00eame sans exp\u00e9rience pr\u00e9alable)<\/p><\/li><\/ul>\t\t\t\t\t\t\t\t<\/div>\n\t\t\t\t<\/div>\n\t\t\t\t<\/div>\n\t\t\t\t\t<\/div>\n\t\t\t\t<\/div>\n\t\t<div class=\"elementor-element elementor-element-217d6785 e-flex e-con-boxed e-con e-parent\" data-id=\"217d6785\" data-element_type=\"container\">\n\t\t\t\t\t<div class=\"e-con-inner\">\n\t\t\t\t<div class=\"elementor-element elementor-element-19483483 elementor-widget-divider--view-line elementor-widget elementor-widget-divider\" data-id=\"19483483\" data-element_type=\"widget\" data-widget_type=\"divider.default\">\n\t\t\t\t<div class=\"elementor-widget-container\">\n\t\t\t\t\t\t\t<div class=\"elementor-divider\">\n\t\t\t<span class=\"elementor-divider-separator\">\n\t\t\t\t\t\t<\/span>\n\t\t<\/div>\n\t\t\t\t\t\t<\/div>\n\t\t\t\t<\/div>\n\t\t\t\t\t<\/div>\n\t\t\t\t<\/div>\n\t\t<div class=\"elementor-element elementor-element-677aab7a e-flex e-con-boxed e-con e-parent\" data-id=\"677aab7a\" data-element_type=\"container\">\n\t\t\t\t\t<div class=\"e-con-inner\">\n\t\t<div class=\"elementor-element elementor-element-72a992c e-con-full e-flex e-con e-child\" data-id=\"72a992c\" data-element_type=\"container\">\n\t\t\t\t<div class=\"elementor-element elementor-element-65c32553 elementor-widget elementor-widget-heading\" data-id=\"65c32553\" data-element_type=\"widget\" data-widget_type=\"heading.default\">\n\t\t\t\t<div class=\"elementor-widget-container\">\n\t\t\t\t\t<h2 class=\"elementor-heading-title elementor-size-default\">Ce que vous apprendrez<\/h2>\t\t\t\t<\/div>\n\t\t\t\t<\/div>\n\t\t\t\t<\/div>\n\t\t\t\t\t<\/div>\n\t\t\t\t<\/div>\n\t\t<div class=\"elementor-element elementor-element-167a0299 e-flex e-con-boxed e-con e-parent\" data-id=\"167a0299\" data-element_type=\"container\">\n\t\t\t\t\t<div class=\"e-con-inner\">\n\t\t<div class=\"elementor-element elementor-element-577d852a e-con-full e-flex e-con e-child\" data-id=\"577d852a\" data-element_type=\"container\">\n\t\t\t\t<div class=\"elementor-element elementor-element-79abc466 elementor-widget elementor-widget-text-editor\" data-id=\"79abc466\" data-element_type=\"widget\" data-widget_type=\"text-editor.default\">\n\t\t\t\t<div class=\"elementor-widget-container\">\n\t\t\t\t\t\t\t\t\t<p>\u2705Le protocole complet du soin Raindrop (gestes, rythme, encha\u00eenement)<\/p>\n<p>\u2705Les propri\u00e9t\u00e9s vibratoires et physiques des 9 huiles essentielles utilis\u00e9es<\/p><p>\u2705 Enseignement ancr\u00e9, simple et \u00e9nerg\u00e9tique<br data-start=\"2131\" data-end=\"2134\">\u2705 Acc\u00e8s \u00e0 un <strong data-start=\"2147\" data-end=\"2163\">groupe priv\u00e9<\/strong> pour poser tes questions et \u00e9changer avec d\u2019autres praticiens<br data-start=\"2225\" data-end=\"2228\">\u2705 Adapt\u00e9e \u00e0 un public <strong data-start=\"2250\" data-end=\"2302\">francophone, sensible, spirituel et bienveillant<\/strong><\/p>\t\t\t\t\t\t\t\t<\/div>\n\t\t\t\t<\/div>\n\t\t\t\t<\/div>\n\t\t\t\t\t<\/div>\n\t\t\t\t<\/div>\n\t\t<div class=\"elementor-element elementor-element-534997f4 e-flex e-con-boxed e-con e-parent\" data-id=\"534997f4\" data-element_type=\"container\">\n\t\t\t\t\t<div class=\"e-con-inner\">\n\t\t\t\t<div class=\"elementor-element elementor-element-5e67ca4d elementor-widget-divider--view-line elementor-widget elementor-widget-divider\" data-id=\"5e67ca4d\" data-element_type=\"widget\" data-widget_type=\"divider.default\">\n\t\t\t\t<div class=\"elementor-widget-container\">\n\t\t\t\t\t\t\t<div class=\"elementor-divider\">\n\t\t\t<span class=\"elementor-divider-separator\">\n\t\t\t\t\t\t<\/span>\n\t\t<\/div>\n\t\t\t\t\t\t<\/div>\n\t\t\t\t<\/div>\n\t\t\t\t\t<\/div>\n\t\t\t\t<\/div>\n\t\t<div class=\"elementor-element elementor-element-18d2e53e e-flex e-con-boxed e-con e-parent\" data-id=\"18d2e53e\" data-element_type=\"container\">\n\t\t\t\t\t<div class=\"e-con-inner\">\n\t\t<div class=\"elementor-element elementor-element-6a012c93 e-con-full e-flex e-con e-child\" data-id=\"6a012c93\" data-element_type=\"container\">\n\t\t\t\t<div class=\"elementor-element elementor-element-5ac7070c elementor-widget elementor-widget-heading\" data-id=\"5ac7070c\" data-element_type=\"widget\" data-widget_type=\"heading.default\">\n\t\t\t\t<div class=\"elementor-widget-container\">\n\t\t\t\t\t<h2 class=\"elementor-heading-title elementor-size-default\">Tarifs &amp; inscription<\/h2>\t\t\t\t<\/div>\n\t\t\t\t<\/div>\n\t\t\t\t<\/div>\n\t\t\t\t\t<\/div>\n\t\t\t\t<\/div>\n\t\t<div class=\"elementor-element elementor-element-33c1d0ae e-flex e-con-boxed e-con e-parent\" data-id=\"33c1d0ae\" data-element_type=\"container\">\n\t\t\t\t\t<div class=\"e-con-inner\">\n\t\t<div class=\"elementor-element elementor-element-432b473e e-flex e-con-boxed e-con e-child\" data-id=\"432b473e\" data-element_type=\"container\">\n\t\t\t\t\t<div class=\"e-con-inner\">\n\t\t\t\t<div class=\"elementor-element elementor-element-96f1370 elementor-widget elementor-widget-text-editor\" data-id=\"96f1370\" data-element_type=\"widget\" data-widget_type=\"text-editor.default\">\n\t\t\t\t<div class=\"elementor-widget-container\">\n\t\t\t\t\t\t\t\t\t<ul data-start=\"2338\" data-end=\"2470\"><li data-start=\"2392\" data-end=\"2470\"><p data-start=\"2394\" data-end=\"2470\">\ud83c\udf3f <strong data-start=\"2397\" data-end=\"2458\">Formation sur deux jours en pr\u00e9sentiel + Kit huiles essentielles Raindrop Young Living<\/strong> : <strong data-start=\"2461\" data-end=\"2470\">450 \u20ac<\/strong><\/p><\/li><\/ul><div><b>Prochaine formation : du 20 au 21 septembre 2025 &#8211; Espagne Alicante<\/b><\/div><p data-start=\"2544\" data-end=\"2659\">\u27a1\ufe0f Pour t\u2019inscrire ou poser une question, clique ci-dessous :<\/p>\t\t\t\t\t\t\t\t<\/div>\n\t\t\t\t<\/div>\n\t\t\t\t\t<\/div>\n\t\t\t\t<\/div>\n\t\t\t\t\t<\/div>\n\t\t\t\t<\/div>\n\t\t<div class=\"elementor-element elementor-element-c46be88 e-flex e-con-boxed e-con e-parent\" data-id=\"c46be88\" data-element_type=\"container\">\n\t\t\t\t\t<div class=\"e-con-inner\">\n\t\t<div class=\"elementor-element elementor-element-cca5e17 e-con-full e-flex e-con e-child\" data-id=\"cca5e17\" data-element_type=\"container\">\n\t\t\t\t<div class=\"elementor-element elementor-element-e5d059b elementor-align-center elementor-widget elementor-widget-button\" data-id=\"e5d059b\" data-element_type=\"widget\" data-widget_type=\"button.default\">\n\t\t\t\t<div class=\"elementor-widget-container\">\n\t\t\t\t\t\t\t\t\t<div class=\"elementor-button-wrapper\">\n\t\t\t\t\t<a class=\"elementor-button elementor-button-link elementor-size-sm\" href=\"https:\/\/sibforms.com\/serve\/MUIFAKfFtC2JC9nMDftCMPAIIyJ8H8CnfNpOqoob5qI3qBhAMO_W3D7cj-1xWGupi6bk6unY424a8HFDSskToAjzCoGUV1HX4wjqT34LCPgkT2Hs4GZqn1K_z1mhla6GgJq3wHNV5xkw0oWzuJnNJG2SLfLdbDF2NsG6mloWuyo5LYp9Hq3hDGgg9YtWEmcdgmcL0pOrQOq2Fek7\">\n\t\t\t\t\t\t<span class=\"elementor-button-content-wrapper\">\n\t\t\t\t\t\t\t\t\t<span class=\"elementor-button-text\">Je m'inscris<\/span>\n\t\t\t\t\t<\/span>\n\t\t\t\t\t<\/a>\n\t\t\t\t<\/div>\n\t\t\t\t\t\t\t\t<\/div>\n\t\t\t\t<\/div>\n\t\t\t\t<\/div>\n\t\t\t\t\t<\/div>\n\t\t\t\t<\/div>\n\t\t<div class=\"elementor-element elementor-element-45401674 e-flex e-con-boxed e-con e-parent\" data-id=\"45401674\" data-element_type=\"container\">\n\t\t\t\t\t<div class=\"e-con-inner\">\n\t\t\t\t<div class=\"elementor-element elementor-element-75990f9a elementor-widget-divider--view-line elementor-widget elementor-widget-divider\" data-id=\"75990f9a\" data-element_type=\"widget\" data-widget_type=\"divider.default\">\n\t\t\t\t<div class=\"elementor-widget-container\">\n\t\t\t\t\t\t\t<div class=\"elementor-divider\">\n\t\t\t<span class=\"elementor-divider-separator\">\n\t\t\t\t\t\t<\/span>\n\t\t<\/div>\n\t\t\t\t\t\t<\/div>\n\t\t\t\t<\/div>\n\t\t\t\t\t<\/div>\n\t\t\t\t<\/div>\n\t\t<div class=\"elementor-element elementor-element-261f909a e-flex e-con-boxed e-con e-parent\" data-id=\"261f909a\" data-element_type=\"container\" data-settings=\"{&quot;background_background&quot;:&quot;gradient&quot;}\">\n\t\t\t\t\t<div class=\"e-con-inner\">\n\t\t<div class=\"elementor-element elementor-element-32a990c9 e-con-full e-flex e-con e-child\" data-id=\"32a990c9\" data-element_type=\"container\">\n\t\t<div class=\"elementor-element elementor-element-2987add0 e-con-full e-flex e-con e-child\" data-id=\"2987add0\" data-element_type=\"container\">\n\t\t\t\t<div class=\"elementor-element elementor-element-49fc3bd5 elementor-widget elementor-widget-text-editor\" data-id=\"49fc3bd5\" data-element_type=\"widget\" data-widget_type=\"text-editor.default\">\n\t\t\t\t<div class=\"elementor-widget-container\">\n\t\t\t\t\t\t\t\t\t<p><img decoding=\"async\" class=\"alignnone size-medium wp-image-27\" src=\"https:\/\/aesaromatherapie.fr\/wp-content\/uploads\/2024\/11\/SeedtoSeal_Logo_Black_2021-274x300.png\" alt=\"\" width=\"274\" height=\"300\" srcset=\"https:\/\/aesaromatherapie.fr\/wp-content\/uploads\/2024\/11\/SeedtoSeal_Logo_Black_2021-274x300.png 274w, https:\/\/aesaromatherapie.fr\/wp-content\/uploads\/2024\/11\/SeedtoSeal_Logo_Black_2021-937x1024.png 937w, https:\/\/aesaromatherapie.fr\/wp-content\/uploads\/2024\/11\/SeedtoSeal_Logo_Black_2021-768x840.png 768w, https:\/\/aesaromatherapie.fr\/wp-content\/uploads\/2024\/11\/SeedtoSeal_Logo_Black_2021-1405x1536.png 1405w, https:\/\/aesaromatherapie.fr\/wp-content\/uploads\/2024\/11\/SeedtoSeal_Logo_Black_2021.png 1618w\" sizes=\"(max-width: 274px) 100vw, 274px\" \/><\/p>\t\t\t\t\t\t\t\t<\/div>\n\t\t\t\t<\/div>\n\t\t\t\t<\/div>\n\t\t\t\t<\/div>\n\t\t<div class=\"elementor-element elementor-element-29825db9 e-con-full e-flex e-con e-child\" data-id=\"29825db9\" data-element_type=\"container\">\n\t\t<div class=\"elementor-element elementor-element-7e99ced5 e-con-full e-flex e-con e-child\" data-id=\"7e99ced5\" data-element_type=\"container\">\n\t\t\t\t<div class=\"elementor-element elementor-element-310f70fa elementor-widget elementor-widget-text-editor\" data-id=\"310f70fa\" data-element_type=\"widget\" data-widget_type=\"text-editor.default\">\n\t\t\t\t<div class=\"elementor-widget-container\">\n\t\t\t\t\t\t\t\t\t<h4>\u00a0<\/h4><h4>Les odeurs comme les sons musicaux, sont de rares sublimateurs de l&rsquo;essence de la m\u00e9moire<\/h4><h6>\u00a0<\/h6><h4><em>Georges du Maurier<\/em><\/h4>\t\t\t\t\t\t\t\t<\/div>\n\t\t\t\t<\/div>\n\t\t\t\t<\/div>\n\t\t\t\t<\/div>\n\t\t<div class=\"elementor-element elementor-element-25c8cf0d e-con-full e-flex e-con e-child\" data-id=\"25c8cf0d\" data-element_type=\"container\">\n\t\t<div class=\"elementor-element elementor-element-58b61944 e-con-full e-flex e-con e-child\" data-id=\"58b61944\" data-element_type=\"container\">\n\t\t\t\t<div class=\"elementor-element elementor-element-29d91630 elementor-widget elementor-widget-text-editor\" data-id=\"29d91630\" data-element_type=\"widget\" data-widget_type=\"text-editor.default\">\n\t\t\t\t<div class=\"elementor-widget-container\">\n\t\t\t\t\t\t\t\t\t<p><span style=\"text-decoration: underline;\"><strong>Pour me contacter<\/strong><\/span> :\u00a0<\/p><p><span style=\"text-decoration: underline;\">Whatsapp<\/span> : +33 6 49 37 70 83<\/p><p><span style=\"text-decoration: underline;\">Mail<\/span> : contact@aesaromatherapie.fr<\/p>\t\t\t\t\t\t\t\t<\/div>\n\t\t\t\t<\/div>\n\t\t\t\t<\/div>\n\t\t\t\t<\/div>\n\t\t\t\t\t<\/div>\n\t\t\t\t<\/div>\n\t\t\t\t<\/div>\n\t\t","protected":false},"excerpt":{"rendered":"<p>Soin Raindrop\u00ae \u2013 Quand les huiles essentielles deviennent un soin du corps et de l\u2019\u00e2me Une technique unique pour rel\u00e2cher, [&hellip;]<\/p>\n","protected":false},"author":1,"featured_media":0,"parent":0,"menu_order":0,"comment_status":"closed","ping_status":"closed","template":"","meta":{"site-sidebar-layout":"no-sidebar","site-content-layout":"","ast-site-content-layout":"full-width-container","site-content-style":"default","site-sidebar-style":"default","ast-global-header-display":"","ast-banner-title-visibility":"","ast-main-header-display":"","ast-hfb-above-header-display":"","ast-hfb-below-header-display":"","ast-hfb-mobile-header-display":"","site-post-title":"disabled","ast-breadcrumbs-content":"","ast-featured-img":"disabled","footer-sml-layout":"","theme-transparent-header-meta":"","adv-header-id-meta":"","stick-header-meta":"","header-above-stick-meta":"","header-main-stick-meta":"","header-below-stick-meta":"","astra-migrate-meta-layouts":"default","ast-page-background-enabled":"default","ast-page-background-meta":{"desktop":{"background-color":"var(--ast-global-color-4)","background-image":"","background-repeat":"repeat","background-position":"center center","background-size":"auto","background-attachment":"scroll","background-type":"","background-media":"","overlay-type":"","overlay-color":"","overlay-opacity":"","overlay-gradient":""},"tablet":{"background-color":"","background-image":"","background-repeat":"repeat","background-position":"center center","background-size":"auto","background-attachment":"scroll","background-type":"","background-media":"","overlay-type":"","overlay-color":"","overlay-opacity":"","overlay-gradient":""},"mobile":{"background-color":"","background-image":"","background-repeat":"repeat","background-position":"center center","background-size":"auto","background-attachment":"scroll","background-type":"","background-media":"","overlay-type":"","overlay-color":"","overlay-opacity":"","overlay-gradient":""}},"ast-content-background-meta":{"desktop":{"background-color":"var(--ast-global-color-5)","background-image":"","background-repeat":"repeat","background-position":"center center","background-size":"auto","background-attachment":"scroll","background-type":"","background-media":"","overlay-type":"","overlay-color":"","overlay-opacity":"","overlay-gradient":""},"tablet":{"background-color":"var(--ast-global-color-5)","background-image":"","background-repeat":"repeat","background-position":"center center","background-size":"auto","background-attachment":"scroll","background-type":"","background-media":"","overlay-type":"","overlay-color":"","overlay-opacity":"","overlay-gradient":""},"mobile":{"background-color":"var(--ast-global-color-5)","background-image":"","background-repeat":"repeat","background-position":"center center","background-size":"auto","background-attachment":"scroll","background-type":"","background-media":"","overlay-type":"","overlay-color":"","overlay-opacity":"","overlay-gradient":""}},"footnotes":""},"class_list":["post-291","page","type-page","status-publish","hentry"],"_links":{"self":[{"href":"https:\/\/aesaromatherapie.fr\/index.php?rest_route=\/wp\/v2\/pages\/291","targetHints":{"allow":["GET"]}}],"collection":[{"href":"https:\/\/aesaromatherapie.fr\/index.php?rest_route=\/wp\/v2\/pages"}],"about":[{"href":"https:\/\/aesaromatherapie.fr\/index.php?rest_route=\/wp\/v2\/types\/page"}],"author":[{"embeddable":true,"href":"https:\/\/aesaromatherapie.fr\/index.php?rest_route=\/wp\/v2\/users\/1"}],"replies":[{"embeddable":true,"href":"https:\/\/aesaromatherapie.fr\/index.php?rest_route=%2Fwp%2Fv2%2Fcomments&post=291"}],"version-history":[{"count":19,"href":"https:\/\/aesaromatherapie.fr\/index.php?rest_route=\/wp\/v2\/pages\/291\/revisions"}],"predecessor-version":[{"id":405,"href":"https:\/\/aesaromatherapie.fr\/index.php?rest_route=\/wp\/v2\/pages\/291\/revisions\/405"}],"wp:attachment":[{"href":"https:\/\/aesaromatherapie.fr\/index.php?rest_route=%2Fwp%2Fv2%2Fmedia&parent=291"}],"curies":[{"name":"wp","href":"https:\/\/api.w.org\/{rel}","templated":true}]}}