{"id":130,"date":"2025-01-05T15:10:03","date_gmt":"2025-01-05T14:10:03","guid":{"rendered":"https:\/\/aesaromatherapie.fr\/?page_id=130"},"modified":"2025-06-03T13:20:45","modified_gmt":"2025-06-03T11:20:45","slug":"cuisiner","status":"publish","type":"page","link":"https:\/\/aesaromatherapie.fr\/?page_id=130","title":{"rendered":"Cuisiner"},"content":{"rendered":"\t\t<div data-elementor-type=\"wp-page\" data-elementor-id=\"130\" class=\"elementor elementor-130\">\n\t\t\t\t<div class=\"elementor-element elementor-element-506285a3 e-flex e-con-boxed e-con e-parent\" data-id=\"506285a3\" data-element_type=\"container\">\n\t\t\t\t\t<div class=\"e-con-inner\">\n\t\t\t\t<div class=\"elementor-element elementor-element-281fdd51 elementor-widget elementor-widget-image\" data-id=\"281fdd51\" data-element_type=\"widget\" data-widget_type=\"image.default\">\n\t\t\t\t<div class=\"elementor-widget-container\">\n\t\t\t\t\t\t\t\t\t\t\t\t\t\t\t<img fetchpriority=\"high\" decoding=\"async\" width=\"2000\" height=\"800\" src=\"https:\/\/aesaromatherapie.fr\/wp-content\/uploads\/2025\/06\/cuisine.png\" class=\"attachment-full size-full wp-image-390\" alt=\"\" srcset=\"https:\/\/aesaromatherapie.fr\/wp-content\/uploads\/2025\/06\/cuisine.png 2000w, https:\/\/aesaromatherapie.fr\/wp-content\/uploads\/2025\/06\/cuisine-300x120.png 300w, https:\/\/aesaromatherapie.fr\/wp-content\/uploads\/2025\/06\/cuisine-1024x410.png 1024w, https:\/\/aesaromatherapie.fr\/wp-content\/uploads\/2025\/06\/cuisine-768x307.png 768w, https:\/\/aesaromatherapie.fr\/wp-content\/uploads\/2025\/06\/cuisine-1536x614.png 1536w\" sizes=\"(max-width: 2000px) 100vw, 2000px\" \/>\t\t\t\t\t\t\t\t\t\t\t\t\t\t\t<\/div>\n\t\t\t\t<\/div>\n\t\t\t\t\t<\/div>\n\t\t\t\t<\/div>\n\t\t<div class=\"elementor-element elementor-element-76a661ce e-flex e-con-boxed e-con e-parent\" data-id=\"76a661ce\" data-element_type=\"container\">\n\t\t\t\t\t<div class=\"e-con-inner\">\n\t\t<div class=\"elementor-element elementor-element-2dd65773 e-con-full e-flex e-con e-child\" data-id=\"2dd65773\" data-element_type=\"container\">\n\t\t\t\t<div class=\"elementor-element elementor-element-7497d318 elementor-widget elementor-widget-text-editor\" data-id=\"7497d318\" data-element_type=\"widget\" data-widget_type=\"text-editor.default\">\n\t\t\t\t<div class=\"elementor-widget-container\">\n\t\t\t\t\t\t\t\t\t<p>La cuisine est un art qui \u00e9veille nos sens, et les huiles essentielles peuvent y ajouter une touche unique et naturelle. Gr\u00e2ce \u00e0 leur concentration exceptionnelle en ar\u00f4mes et en bienfaits, elles permettent de sublimer vos plats tout en offrant des vertus pour votre bien-\u00eatre.<\/p><p>Que vous soyez un cuisinier novice ou un passionn\u00e9 de gastronomie, int\u00e9grer les huiles essentielles dans vos recettes est une exp\u00e9rience sensorielle et cr\u00e9ative. D\u00e9couvrez comment utiliser ces pr\u00e9cieux extraits pour rehausser vos saveurs, tout en profitant de leurs propri\u00e9t\u00e9s pour le corps et l\u2019esprit.<\/p>\t\t\t\t\t\t\t\t<\/div>\n\t\t\t\t<\/div>\n\t\t\t\t<\/div>\n\t\t\t\t\t<\/div>\n\t\t\t\t<\/div>\n\t\t<div class=\"elementor-element elementor-element-5b390d55 e-flex e-con-boxed e-con e-parent\" data-id=\"5b390d55\" data-element_type=\"container\">\n\t\t\t\t\t<div class=\"e-con-inner\">\n\t\t\t\t<div class=\"elementor-element elementor-element-4489d33e elementor-widget-divider--view-line elementor-widget elementor-widget-divider\" data-id=\"4489d33e\" data-element_type=\"widget\" data-widget_type=\"divider.default\">\n\t\t\t\t<div class=\"elementor-widget-container\">\n\t\t\t\t\t\t\t<div class=\"elementor-divider\">\n\t\t\t<span class=\"elementor-divider-separator\">\n\t\t\t\t\t\t<\/span>\n\t\t<\/div>\n\t\t\t\t\t\t<\/div>\n\t\t\t\t<\/div>\n\t\t\t\t\t<\/div>\n\t\t\t\t<\/div>\n\t\t<div class=\"elementor-element elementor-element-1ea223a6 e-flex e-con-boxed e-con e-parent\" data-id=\"1ea223a6\" data-element_type=\"container\">\n\t\t\t\t\t<div class=\"e-con-inner\">\n\t\t<div class=\"elementor-element elementor-element-6021af77 e-con-full e-flex e-con e-child\" data-id=\"6021af77\" data-element_type=\"container\">\n\t\t\t\t<div class=\"elementor-element elementor-element-4641803c elementor-widget elementor-widget-heading\" data-id=\"4641803c\" data-element_type=\"widget\" data-widget_type=\"heading.default\">\n\t\t\t\t<div class=\"elementor-widget-container\">\n\t\t\t\t\t<h2 class=\"elementor-heading-title elementor-size-default\">Pourquoi utiliser des huiles essentielles en cuisine\u202f?<\/h2>\t\t\t\t<\/div>\n\t\t\t\t<\/div>\n\t\t\t\t<\/div>\n\t\t\t\t\t<\/div>\n\t\t\t\t<\/div>\n\t\t<div class=\"elementor-element elementor-element-5989cc5a e-flex e-con-boxed e-con e-parent\" data-id=\"5989cc5a\" data-element_type=\"container\">\n\t\t\t\t\t<div class=\"e-con-inner\">\n\t\t<div class=\"elementor-element elementor-element-53277986 e-con-full e-flex e-con e-child\" data-id=\"53277986\" data-element_type=\"container\">\n\t\t\t\t<div class=\"elementor-element elementor-element-774aeace elementor-widget elementor-widget-text-editor\" data-id=\"774aeace\" data-element_type=\"widget\" data-widget_type=\"text-editor.default\">\n\t\t\t\t<div class=\"elementor-widget-container\">\n\t\t\t\t\t\t\t\t\t<ul><li><strong>Ar\u00f4mes intenses et naturels<\/strong> : Quelques gouttes suffisent pour transformer un plat avec des saveurs authentiques et puissantes.<\/li><li><strong>Propri\u00e9t\u00e9s bienfaisantes<\/strong> : Certaines huiles essentielles, comme le citron ou le gingembre, aident \u00e0 la digestion ou renforcent l\u2019immunit\u00e9.<\/li><li><strong>Longue conservation<\/strong> : Contrairement aux herbes fra\u00eeches, les huiles essentielles se conservent longtemps, tout en pr\u00e9servant leur fra\u00eecheur aromatique.<\/li><li><strong>Praticit\u00e9<\/strong> : Faciles \u00e0 doser et \u00e0 int\u00e9grer dans les recettes, elles sont une alternative id\u00e9ale aux \u00e9pices ou aux zestes.<\/li><\/ul>\t\t\t\t\t\t\t\t<\/div>\n\t\t\t\t<\/div>\n\t\t\t\t<\/div>\n\t\t\t\t\t<\/div>\n\t\t\t\t<\/div>\n\t\t<div class=\"elementor-element elementor-element-29a52144 e-flex e-con-boxed e-con e-parent\" data-id=\"29a52144\" data-element_type=\"container\">\n\t\t\t\t\t<div class=\"e-con-inner\">\n\t\t\t\t<div class=\"elementor-element elementor-element-7240bff3 elementor-widget-divider--view-line elementor-widget elementor-widget-divider\" data-id=\"7240bff3\" data-element_type=\"widget\" data-widget_type=\"divider.default\">\n\t\t\t\t<div class=\"elementor-widget-container\">\n\t\t\t\t\t\t\t<div class=\"elementor-divider\">\n\t\t\t<span class=\"elementor-divider-separator\">\n\t\t\t\t\t\t<\/span>\n\t\t<\/div>\n\t\t\t\t\t\t<\/div>\n\t\t\t\t<\/div>\n\t\t\t\t\t<\/div>\n\t\t\t\t<\/div>\n\t\t<div class=\"elementor-element elementor-element-36652520 e-flex e-con-boxed e-con e-parent\" data-id=\"36652520\" data-element_type=\"container\">\n\t\t\t\t\t<div class=\"e-con-inner\">\n\t\t<div class=\"elementor-element elementor-element-1806e350 e-con-full e-flex e-con e-child\" data-id=\"1806e350\" data-element_type=\"container\">\n\t\t\t\t<div class=\"elementor-element elementor-element-4801c848 elementor-widget elementor-widget-heading\" data-id=\"4801c848\" data-element_type=\"widget\" data-widget_type=\"heading.default\">\n\t\t\t\t<div class=\"elementor-widget-container\">\n\t\t\t\t\t<h2 class=\"elementor-heading-title elementor-size-default\">Les bases pour cuisiner avec les huiles essentielles<\/h2>\t\t\t\t<\/div>\n\t\t\t\t<\/div>\n\t\t\t\t<\/div>\n\t\t\t\t\t<\/div>\n\t\t\t\t<\/div>\n\t\t<div class=\"elementor-element elementor-element-17f252e9 e-flex e-con-boxed e-con e-parent\" data-id=\"17f252e9\" data-element_type=\"container\">\n\t\t\t\t\t<div class=\"e-con-inner\">\n\t\t<div class=\"elementor-element elementor-element-26999547 e-con-full e-flex e-con e-child\" data-id=\"26999547\" data-element_type=\"container\">\n\t\t\t\t<div class=\"elementor-element elementor-element-51e683a0 elementor-widget elementor-widget-text-editor\" data-id=\"51e683a0\" data-element_type=\"widget\" data-widget_type=\"text-editor.default\">\n\t\t\t\t<div class=\"elementor-widget-container\">\n\t\t\t\t\t\t\t\t\t<p>Avant de commencer, voici quelques conseils pour une utilisation r\u00e9ussie et s\u00e9curis\u00e9e\u202f:<\/p><ul><li><strong>Choisissez des huiles essentielles comestibles<\/strong> : Assurez-vous que l\u2019huile essentielle est 100 % pure, de qualit\u00e9 alimentaire, et certifi\u00e9e pour un usage culinaire (comme celles de Young Living).<\/li><li><strong>Dosez avec pr\u00e9cision<\/strong> : Les huiles essentielles sont tr\u00e8s concentr\u00e9es. Une \u00e0 deux gouttes suffisent g\u00e9n\u00e9ralement pour parfumer un plat entier. Utilisez un cure-dent pour une quantit\u00e9 encore plus subtile.<\/li><li><strong>Diluez-les toujours<\/strong> : M\u00e9langez-les dans un corps gras (huile, beurre) ou un liquide (lait, cr\u00e8me) avant de les ajouter \u00e0 votre pr\u00e9paration.<\/li><li><strong>\u00c9vitez la cuisson excessive<\/strong> : Pour pr\u00e9server leurs ar\u00f4mes et propri\u00e9t\u00e9s, ajoutez-les en fin de cuisson ou directement dans les plats froids.<\/li><\/ul>\t\t\t\t\t\t\t\t<\/div>\n\t\t\t\t<\/div>\n\t\t\t\t<\/div>\n\t\t\t\t\t<\/div>\n\t\t\t\t<\/div>\n\t\t<div class=\"elementor-element elementor-element-230495ea e-flex e-con-boxed e-con e-parent\" data-id=\"230495ea\" data-element_type=\"container\">\n\t\t\t\t\t<div class=\"e-con-inner\">\n\t\t\t\t<div class=\"elementor-element elementor-element-298e5618 elementor-widget-divider--view-line elementor-widget elementor-widget-divider\" data-id=\"298e5618\" data-element_type=\"widget\" data-widget_type=\"divider.default\">\n\t\t\t\t<div class=\"elementor-widget-container\">\n\t\t\t\t\t\t\t<div class=\"elementor-divider\">\n\t\t\t<span class=\"elementor-divider-separator\">\n\t\t\t\t\t\t<\/span>\n\t\t<\/div>\n\t\t\t\t\t\t<\/div>\n\t\t\t\t<\/div>\n\t\t\t\t\t<\/div>\n\t\t\t\t<\/div>\n\t\t<div class=\"elementor-element elementor-element-2c7d73fc e-flex e-con-boxed e-con e-parent\" data-id=\"2c7d73fc\" data-element_type=\"container\">\n\t\t\t\t\t<div class=\"e-con-inner\">\n\t\t<div class=\"elementor-element elementor-element-2e07b02e e-con-full e-flex e-con e-child\" data-id=\"2e07b02e\" data-element_type=\"container\">\n\t\t\t\t<div class=\"elementor-element elementor-element-6e574cb7 elementor-widget elementor-widget-heading\" data-id=\"6e574cb7\" data-element_type=\"widget\" data-widget_type=\"heading.default\">\n\t\t\t\t<div class=\"elementor-widget-container\">\n\t\t\t\t\t<h2 class=\"elementor-heading-title elementor-size-default\">Les huiles essentielles incontournables en cuisine<\/h2>\t\t\t\t<\/div>\n\t\t\t\t<\/div>\n\t\t\t\t<\/div>\n\t\t\t\t\t<\/div>\n\t\t\t\t<\/div>\n\t\t<div class=\"elementor-element elementor-element-5a3579d5 e-flex e-con-boxed e-con e-parent\" data-id=\"5a3579d5\" data-element_type=\"container\">\n\t\t\t\t\t<div class=\"e-con-inner\">\n\t\t<div class=\"elementor-element elementor-element-7d9f45c e-con-full e-flex e-con e-child\" data-id=\"7d9f45c\" data-element_type=\"container\">\n\t\t\t\t<div class=\"elementor-element elementor-element-5e94e618 elementor-widget elementor-widget-text-editor\" data-id=\"5e94e618\" data-element_type=\"widget\" data-widget_type=\"text-editor.default\">\n\t\t\t\t<div class=\"elementor-widget-container\">\n\t\t\t\t\t\t\t\t\t<p>Voici une s\u00e9lection d\u2019huiles essentielles couramment utilis\u00e9es pour leurs saveurs uniques et leurs bienfaits\u202f:<\/p><ul><li><strong>Citron<\/strong> : Fra\u00eecheur et vitalit\u00e9, parfait pour les desserts, boissons, et plats de poisson.<\/li><li><strong>Basilic<\/strong> : Intense et herbac\u00e9, id\u00e9al pour les sauces, pestos, et salades.<\/li><li><strong>Gingembre<\/strong> : Chaleur et \u00e9pices, parfait pour les soupes, marinades, et p\u00e2tisseries.<\/li><li><strong>Menthe poivr\u00e9e<\/strong> : Fra\u00eecheur, id\u00e9ale pour les desserts et les boissons.<\/li><li><strong>Lavande<\/strong> : Douceur florale pour les desserts, glaces, ou th\u00e9s.<\/li><li><strong>Cannelle<\/strong> : Chaleur sucr\u00e9e, parfaite pour les p\u00e2tisseries et plats mijot\u00e9s.<\/li><\/ul>\t\t\t\t\t\t\t\t<\/div>\n\t\t\t\t<\/div>\n\t\t\t\t<\/div>\n\t\t\t\t\t<\/div>\n\t\t\t\t<\/div>\n\t\t<div class=\"elementor-element elementor-element-6e3a5743 e-flex e-con-boxed e-con e-parent\" data-id=\"6e3a5743\" data-element_type=\"container\">\n\t\t\t\t\t<div class=\"e-con-inner\">\n\t\t\t\t<div class=\"elementor-element elementor-element-659e5705 elementor-widget-divider--view-line elementor-widget elementor-widget-divider\" data-id=\"659e5705\" data-element_type=\"widget\" data-widget_type=\"divider.default\">\n\t\t\t\t<div class=\"elementor-widget-container\">\n\t\t\t\t\t\t\t<div class=\"elementor-divider\">\n\t\t\t<span class=\"elementor-divider-separator\">\n\t\t\t\t\t\t<\/span>\n\t\t<\/div>\n\t\t\t\t\t\t<\/div>\n\t\t\t\t<\/div>\n\t\t\t\t\t<\/div>\n\t\t\t\t<\/div>\n\t\t<div class=\"elementor-element elementor-element-28e6022e e-flex e-con-boxed e-con e-parent\" data-id=\"28e6022e\" data-element_type=\"container\">\n\t\t\t\t\t<div class=\"e-con-inner\">\n\t\t<div class=\"elementor-element elementor-element-607351b3 e-con-full e-flex e-con e-child\" data-id=\"607351b3\" data-element_type=\"container\">\n\t\t\t\t<div class=\"elementor-element elementor-element-ba31365 elementor-widget elementor-widget-heading\" data-id=\"ba31365\" data-element_type=\"widget\" data-widget_type=\"heading.default\">\n\t\t\t\t<div class=\"elementor-widget-container\">\n\t\t\t\t\t<h2 class=\"elementor-heading-title elementor-size-default\"> Lancez-vous dans une cuisine cr\u00e9ative et bienfaisante<\/h2>\t\t\t\t<\/div>\n\t\t\t\t<\/div>\n\t\t\t\t<\/div>\n\t\t\t\t\t<\/div>\n\t\t\t\t<\/div>\n\t\t<div class=\"elementor-element elementor-element-6026d7de e-flex e-con-boxed e-con e-parent\" data-id=\"6026d7de\" data-element_type=\"container\">\n\t\t\t\t\t<div class=\"e-con-inner\">\n\t\t<div class=\"elementor-element elementor-element-fba628 e-con-full e-flex e-con e-child\" data-id=\"fba628\" data-element_type=\"container\">\n\t\t\t\t<div class=\"elementor-element elementor-element-70a79879 elementor-widget elementor-widget-text-editor\" data-id=\"70a79879\" data-element_type=\"widget\" data-widget_type=\"text-editor.default\">\n\t\t\t\t<div class=\"elementor-widget-container\">\n\t\t\t\t\t\t\t\t\t<p>Cuisiner avec les huiles essentielles, c\u2019est allier plaisir des saveurs et bienfaits naturels. Laissez libre cours \u00e0 votre cr\u00e9ativit\u00e9 et d\u00e9couvrez de nouvelles fa\u00e7ons de surprendre vos papilles et celles de vos proches.<\/p>\n<p>Si vous souhaitez en savoir plus, obtenir des conseils personnalis\u00e9s, ou d\u00e9couvrir les huiles essentielles Young Living adapt\u00e9es \u00e0 la cuisine, <strong>contactez-moi.<\/strong><\/p>\t\t\t\t\t\t\t\t<\/div>\n\t\t\t\t<\/div>\n\t\t\t\t<\/div>\n\t\t\t\t\t<\/div>\n\t\t\t\t<\/div>\n\t\t<div class=\"elementor-element elementor-element-249ab3d0 e-flex e-con-boxed e-con e-parent\" data-id=\"249ab3d0\" data-element_type=\"container\">\n\t\t\t\t\t<div class=\"e-con-inner\">\n\t\t\t\t<div class=\"elementor-element elementor-element-2b632c86 elementor-widget-divider--view-line elementor-widget elementor-widget-divider\" data-id=\"2b632c86\" data-element_type=\"widget\" data-widget_type=\"divider.default\">\n\t\t\t\t<div class=\"elementor-widget-container\">\n\t\t\t\t\t\t\t<div class=\"elementor-divider\">\n\t\t\t<span class=\"elementor-divider-separator\">\n\t\t\t\t\t\t<\/span>\n\t\t<\/div>\n\t\t\t\t\t\t<\/div>\n\t\t\t\t<\/div>\n\t\t\t\t\t<\/div>\n\t\t\t\t<\/div>\n\t\t<div class=\"elementor-element elementor-element-119d988 e-flex e-con-boxed e-con e-parent\" data-id=\"119d988\" data-element_type=\"container\">\n\t\t\t\t\t<div class=\"e-con-inner\">\n\t\t<div class=\"elementor-element elementor-element-51be514 e-con-full e-flex e-con e-child\" data-id=\"51be514\" data-element_type=\"container\">\n\t\t\t\t<div class=\"elementor-element elementor-element-d008fc6 elementor-widget elementor-widget-image\" data-id=\"d008fc6\" data-element_type=\"widget\" data-widget_type=\"image.default\">\n\t\t\t\t<div class=\"elementor-widget-container\">\n\t\t\t\t\t\t\t\t\t\t\t\t\t\t\t<img decoding=\"async\" width=\"768\" height=\"960\" src=\"https:\/\/aesaromatherapie.fr\/wp-content\/uploads\/2025\/03\/Publi-nouveau-format-768x960.png\" class=\"attachment-medium_large size-medium_large wp-image-244\" alt=\"\" srcset=\"https:\/\/aesaromatherapie.fr\/wp-content\/uploads\/2025\/03\/Publi-nouveau-format-768x960.png 768w, https:\/\/aesaromatherapie.fr\/wp-content\/uploads\/2025\/03\/Publi-nouveau-format-240x300.png 240w, https:\/\/aesaromatherapie.fr\/wp-content\/uploads\/2025\/03\/Publi-nouveau-format-819x1024.png 819w, https:\/\/aesaromatherapie.fr\/wp-content\/uploads\/2025\/03\/Publi-nouveau-format.png 1080w\" sizes=\"(max-width: 768px) 100vw, 768px\" \/>\t\t\t\t\t\t\t\t\t\t\t\t\t\t\t<\/div>\n\t\t\t\t<\/div>\n\t\t\t\t<\/div>\n\t\t\t\t\t<\/div>\n\t\t\t\t<\/div>\n\t\t<div class=\"elementor-element elementor-element-7318fca e-flex e-con-boxed e-con e-parent\" data-id=\"7318fca\" data-element_type=\"container\">\n\t\t\t\t\t<div class=\"e-con-inner\">\n\t\t<div class=\"elementor-element elementor-element-1742f19 e-con-full e-flex e-con e-child\" data-id=\"1742f19\" data-element_type=\"container\">\n\t\t\t\t<div class=\"elementor-element elementor-element-4cf1257 elementor-align-center elementor-widget elementor-widget-button\" data-id=\"4cf1257\" data-element_type=\"widget\" data-widget_type=\"button.default\">\n\t\t\t\t<div class=\"elementor-widget-container\">\n\t\t\t\t\t\t\t\t\t<div class=\"elementor-button-wrapper\">\n\t\t\t\t\t<a class=\"elementor-button elementor-button-link elementor-size-sm\" href=\"https:\/\/ff06-contact.systeme.io\/deca1eb3\">\n\t\t\t\t\t\t<span class=\"elementor-button-content-wrapper\">\n\t\t\t\t\t\t\t\t\t<span class=\"elementor-button-text\">T\u00e9l\u00e9charger le Cook Book offert! <\/span>\n\t\t\t\t\t<\/span>\n\t\t\t\t\t<\/a>\n\t\t\t\t<\/div>\n\t\t\t\t\t\t\t\t<\/div>\n\t\t\t\t<\/div>\n\t\t\t\t<\/div>\n\t\t\t\t\t<\/div>\n\t\t\t\t<\/div>\n\t\t<div class=\"elementor-element elementor-element-ddd5ba5 e-flex e-con-boxed e-con e-parent\" data-id=\"ddd5ba5\" data-element_type=\"container\">\n\t\t\t\t\t<div class=\"e-con-inner\">\n\t\t\t\t<div class=\"elementor-element elementor-element-bc8176d elementor-widget-divider--view-line elementor-widget elementor-widget-divider\" data-id=\"bc8176d\" data-element_type=\"widget\" data-widget_type=\"divider.default\">\n\t\t\t\t<div class=\"elementor-widget-container\">\n\t\t\t\t\t\t\t<div class=\"elementor-divider\">\n\t\t\t<span class=\"elementor-divider-separator\">\n\t\t\t\t\t\t<\/span>\n\t\t<\/div>\n\t\t\t\t\t\t<\/div>\n\t\t\t\t<\/div>\n\t\t\t\t\t<\/div>\n\t\t\t\t<\/div>\n\t\t<div class=\"elementor-element elementor-element-2b70e15c e-flex e-con-boxed e-con e-parent\" data-id=\"2b70e15c\" data-element_type=\"container\" data-settings=\"{&quot;background_background&quot;:&quot;gradient&quot;}\">\n\t\t\t\t\t<div class=\"e-con-inner\">\n\t\t<div class=\"elementor-element elementor-element-2870dd53 e-con-full e-flex e-con e-child\" data-id=\"2870dd53\" data-element_type=\"container\">\n\t\t<div class=\"elementor-element elementor-element-302b366 e-con-full e-flex e-con e-child\" data-id=\"302b366\" data-element_type=\"container\">\n\t\t\t\t<div class=\"elementor-element elementor-element-192f6ae5 elementor-widget elementor-widget-text-editor\" data-id=\"192f6ae5\" data-element_type=\"widget\" data-widget_type=\"text-editor.default\">\n\t\t\t\t<div class=\"elementor-widget-container\">\n\t\t\t\t\t\t\t\t\t<p><img decoding=\"async\" class=\"alignnone size-medium wp-image-27\" src=\"https:\/\/aesaromatherapie.fr\/wp-content\/uploads\/2024\/11\/SeedtoSeal_Logo_Black_2021-274x300.png\" alt=\"\" width=\"274\" height=\"300\" srcset=\"https:\/\/aesaromatherapie.fr\/wp-content\/uploads\/2024\/11\/SeedtoSeal_Logo_Black_2021-274x300.png 274w, https:\/\/aesaromatherapie.fr\/wp-content\/uploads\/2024\/11\/SeedtoSeal_Logo_Black_2021-937x1024.png 937w, https:\/\/aesaromatherapie.fr\/wp-content\/uploads\/2024\/11\/SeedtoSeal_Logo_Black_2021-768x840.png 768w, https:\/\/aesaromatherapie.fr\/wp-content\/uploads\/2024\/11\/SeedtoSeal_Logo_Black_2021-1405x1536.png 1405w, https:\/\/aesaromatherapie.fr\/wp-content\/uploads\/2024\/11\/SeedtoSeal_Logo_Black_2021.png 1618w\" sizes=\"(max-width: 274px) 100vw, 274px\" \/><\/p>\t\t\t\t\t\t\t\t<\/div>\n\t\t\t\t<\/div>\n\t\t\t\t<\/div>\n\t\t\t\t<\/div>\n\t\t<div class=\"elementor-element elementor-element-713bcb79 e-con-full e-flex e-con e-child\" data-id=\"713bcb79\" data-element_type=\"container\">\n\t\t<div class=\"elementor-element elementor-element-5cc450b7 e-con-full e-flex e-con e-child\" data-id=\"5cc450b7\" data-element_type=\"container\">\n\t\t\t\t<div class=\"elementor-element elementor-element-65459bbd elementor-widget elementor-widget-text-editor\" data-id=\"65459bbd\" data-element_type=\"widget\" data-widget_type=\"text-editor.default\">\n\t\t\t\t<div class=\"elementor-widget-container\">\n\t\t\t\t\t\t\t\t\t<h4>\u00a0<\/h4><h4>Les odeurs comme les sons musicaux, sont de rares sublimateurs de l&rsquo;essence de la m\u00e9moire<\/h4><h6>\u00a0<\/h6><h4><em>Georges du Maurier<\/em><\/h4>\t\t\t\t\t\t\t\t<\/div>\n\t\t\t\t<\/div>\n\t\t\t\t<\/div>\n\t\t\t\t<\/div>\n\t\t<div class=\"elementor-element elementor-element-24227427 e-con-full e-flex e-con e-child\" data-id=\"24227427\" data-element_type=\"container\">\n\t\t<div class=\"elementor-element elementor-element-7fd72508 e-con-full e-flex e-con e-child\" data-id=\"7fd72508\" data-element_type=\"container\">\n\t\t\t\t<div class=\"elementor-element elementor-element-63fb2452 elementor-widget elementor-widget-text-editor\" data-id=\"63fb2452\" data-element_type=\"widget\" data-widget_type=\"text-editor.default\">\n\t\t\t\t<div class=\"elementor-widget-container\">\n\t\t\t\t\t\t\t\t\t<p><span style=\"text-decoration: underline;\"><strong>Pour me contacter<\/strong><\/span> :\u00a0<\/p><p><span style=\"text-decoration: underline;\">Whatsapp<\/span> : +33 6 49 37 70 83<\/p><p><span style=\"text-decoration: underline;\">Mail<\/span> : contact@aesaromatherapie.fr<\/p>\t\t\t\t\t\t\t\t<\/div>\n\t\t\t\t<\/div>\n\t\t\t\t<\/div>\n\t\t\t\t<\/div>\n\t\t\t\t\t<\/div>\n\t\t\t\t<\/div>\n\t\t\t\t<\/div>\n\t\t","protected":false},"excerpt":{"rendered":"<p>La cuisine est un art qui \u00e9veille nos sens, et les huiles essentielles peuvent y ajouter une touche unique et [&hellip;]<\/p>\n","protected":false},"author":1,"featured_media":0,"parent":0,"menu_order":0,"comment_status":"closed","ping_status":"closed","template":"","meta":{"site-sidebar-layout":"no-sidebar","site-content-layout":"","ast-site-content-layout":"full-width-container","site-content-style":"default","site-sidebar-style":"default","ast-global-header-display":"","ast-banner-title-visibility":"","ast-main-header-display":"","ast-hfb-above-header-display":"","ast-hfb-below-header-display":"","ast-hfb-mobile-header-display":"","site-post-title":"disabled","ast-breadcrumbs-content":"","ast-featured-img":"disabled","footer-sml-layout":"","theme-transparent-header-meta":"","adv-header-id-meta":"","stick-header-meta":"","header-above-stick-meta":"","header-main-stick-meta":"","header-below-stick-meta":"","astra-migrate-meta-layouts":"default","ast-page-background-enabled":"default","ast-page-background-meta":{"desktop":{"background-color":"var(--ast-global-color-4)","background-image":"","background-repeat":"repeat","background-position":"center center","background-size":"auto","background-attachment":"scroll","background-type":"","background-media":"","overlay-type":"","overlay-color":"","overlay-opacity":"","overlay-gradient":""},"tablet":{"background-color":"","background-image":"","background-repeat":"repeat","background-position":"center center","background-size":"auto","background-attachment":"scroll","background-type":"","background-media":"","overlay-type":"","overlay-color":"","overlay-opacity":"","overlay-gradient":""},"mobile":{"background-color":"","background-image":"","background-repeat":"repeat","background-position":"center center","background-size":"auto","background-attachment":"scroll","background-type":"","background-media":"","overlay-type":"","overlay-color":"","overlay-opacity":"","overlay-gradient":""}},"ast-content-background-meta":{"desktop":{"background-color":"var(--ast-global-color-5)","background-image":"","background-repeat":"repeat","background-position":"center center","background-size":"auto","background-attachment":"scroll","background-type":"","background-media":"","overlay-type":"","overlay-color":"","overlay-opacity":"","overlay-gradient":""},"tablet":{"background-color":"var(--ast-global-color-5)","background-image":"","background-repeat":"repeat","background-position":"center center","background-size":"auto","background-attachment":"scroll","background-type":"","background-media":"","overlay-type":"","overlay-color":"","overlay-opacity":"","overlay-gradient":""},"mobile":{"background-color":"var(--ast-global-color-5)","background-image":"","background-repeat":"repeat","background-position":"center center","background-size":"auto","background-attachment":"scroll","background-type":"","background-media":"","overlay-type":"","overlay-color":"","overlay-opacity":"","overlay-gradient":""}},"footnotes":""},"class_list":["post-130","page","type-page","status-publish","hentry"],"_links":{"self":[{"href":"https:\/\/aesaromatherapie.fr\/index.php?rest_route=\/wp\/v2\/pages\/130","targetHints":{"allow":["GET"]}}],"collection":[{"href":"https:\/\/aesaromatherapie.fr\/index.php?rest_route=\/wp\/v2\/pages"}],"about":[{"href":"https:\/\/aesaromatherapie.fr\/index.php?rest_route=\/wp\/v2\/types\/page"}],"author":[{"embeddable":true,"href":"https:\/\/aesaromatherapie.fr\/index.php?rest_route=\/wp\/v2\/users\/1"}],"replies":[{"embeddable":true,"href":"https:\/\/aesaromatherapie.fr\/index.php?rest_route=%2Fwp%2Fv2%2Fcomments&post=130"}],"version-history":[{"count":28,"href":"https:\/\/aesaromatherapie.fr\/index.php?rest_route=\/wp\/v2\/pages\/130\/revisions"}],"predecessor-version":[{"id":394,"href":"https:\/\/aesaromatherapie.fr\/index.php?rest_route=\/wp\/v2\/pages\/130\/revisions\/394"}],"wp:attachment":[{"href":"https:\/\/aesaromatherapie.fr\/index.php?rest_route=%2Fwp%2Fv2%2Fmedia&parent=130"}],"curies":[{"name":"wp","href":"https:\/\/api.w.org\/{rel}","templated":true}]}}